{"id":1052,"date":"2014-05-26T05:50:38","date_gmt":"2014-05-26T04:50:38","guid":{"rendered":"http:\/\/www.diviandream.cz\/?page_id=1052"},"modified":"2016-10-12T17:31:12","modified_gmt":"2016-10-12T16:31:12","slug":"about-us-2","status":"publish","type":"page","link":"https:\/\/www.diviandream.cz\/en\/about-us-2\/","title":{"rendered":"About us &#8211; Luxury beds"},"content":{"rendered":"<div>\n<h1 style=\"text-align: center;\">About us &#8211; Luxury beds Divian Dream<\/h1>\n<hr \/>\n<p>The name of our company is a word-play using the words \u2018divine\u2019 and \u2018divan\u2019 expressing our full commitment to make your dreaming in our beds a\u00a0unique and out-of-this-world experience. By choosing one of our beds you are entering the realm of divine dreaming thanks to the nurturing comfort of high-quality natural materials, careful hand-crafting and original design of our products all combined to bring you calm and undisturbed rest.<\/p>\n<p>Our team of enthusiastic professionals is always ready to provide you with full support when it comes to beds, bedding textiles and other accessories. Our sales personnel have gone through training programs with major bed producers and they all have extensive knowledge of our product lines. Besides our own products under the <span style=\"color: #c5a500;\">Divian Dream<\/span> brand we are also exclusive distributor of luxury beds made by Dutch company Auping<\/p>\n<p>You are of course always welcome to come and try our beds in our showrooms, where you can receive first-hand experience as well as full information on individual products and the possibilities of personalization.<\/p>\n<p>Remember that we all spend one-third of our lives in bed.<\/p>\n<p><img loading=\"lazy\" decoding=\"async\" class=\"alignnone size-full wp-image-1709\" src=\"https:\/\/www.diviandream.cz\/wp-content\/uploads\/2014\/05\/diviandream_sm2.jpg\" alt=\"diviandream_sm2\" width=\"1010\" height=\"512\" srcset=\"https:\/\/www.diviandream.cz\/wp-content\/uploads\/2014\/05\/diviandream_sm2.jpg 1010w, https:\/\/www.diviandream.cz\/wp-content\/uploads\/2014\/05\/diviandream_sm2-300x152.jpg 300w\" sizes=\"auto, (max-width: 1010px) 100vw, 1010px\" \/><\/p>\n<p>&nbsp;<\/p>\n<\/div>\n<hr \/>\n","protected":false},"excerpt":{"rendered":"<p>About us &#8211; Luxury beds Divian Dream The name of our company is a word-play using the words \u2018divine\u2019 and \u2018divan\u2019 expressing our full commitment to make your dreaming in our beds a\u00a0unique and out-of-this-world experience. By choosing one of our beds you are entering the realm of divine dreaming thanks to the nurturing comfort [&hellip;]<\/p>\n","protected":false},"author":2,"featured_media":0,"parent":0,"menu_order":0,"comment_status":"closed","ping_status":"closed","template":"templates\/template-full-notitle.php","meta":{"_locale":"en_US","_original_post":"1020","footnotes":""},"class_list":["post-1052","page","type-page","status-publish","hentry","en-US","post"],"yoast_head":"<!-- This site is optimized with the Yoast SEO plugin v20.4 - https:\/\/yoast.com\/wordpress\/plugins\/seo\/ -->\n<title>Exclusive Luxury beds - Divian Dreams Prague<\/title>\n<meta name=\"description\" content=\"Luxury beds Divian Dream. The name of our company is a word-play using the words \u2018divine\u2019 and \u2018divan\u2019 expressing our full commitment to make your dreaming in our beds a unique and out-of-this-world experience.\" \/>\n<meta name=\"robots\" content=\"index, follow, max-snippet:-1, max-image-preview:large, max-video-preview:-1\" \/>\n<link rel=\"canonical\" href=\"https:\/\/www.diviandream.cz\/en\/about-us-2\/\" \/>\n<meta property=\"og:locale\" content=\"en_US\" \/>\n<meta property=\"og:type\" content=\"article\" \/>\n<meta property=\"og:title\" content=\"Exclusive Luxury beds - Divian Dreams Prague\" \/>\n<meta property=\"og:description\" content=\"Luxury beds Divian Dream. The name of our company is a word-play using the words \u2018divine\u2019 and \u2018divan\u2019 expressing our full commitment to make your dreaming in our beds a unique and out-of-this-world experience.\" \/>\n<meta property=\"og:url\" content=\"https:\/\/www.diviandream.cz\/en\/about-us-2\/\" \/>\n<meta property=\"og:site_name\" content=\"Luxusn\u00ed postele Divian Dream - Prodejce postel\u00ed Praha\" \/>\n<meta property=\"article:modified_time\" content=\"2016-10-12T16:31:12+00:00\" \/>\n<meta property=\"og:image\" content=\"http:\/\/www.diviandream.cz\/wp-content\/uploads\/2014\/05\/diviandream_sm2.jpg\" \/>\n<meta name=\"twitter:label1\" content=\"Est. reading time\" \/>\n\t<meta name=\"twitter:data1\" content=\"1 minute\" \/>\n<script type=\"application\/ld+json\" class=\"yoast-schema-graph\">{\"@context\":\"https:\/\/schema.org\",\"@graph\":[{\"@type\":\"WebPage\",\"@id\":\"https:\/\/www.diviandream.cz\/en\/about-us-2\/\",\"url\":\"https:\/\/www.diviandream.cz\/en\/about-us-2\/\",\"name\":\"Exclusive Luxury beds - Divian Dreams Prague\",\"isPartOf\":{\"@id\":\"https:\/\/www.diviandream.cz\/#website\"},\"datePublished\":\"2014-05-26T04:50:38+00:00\",\"dateModified\":\"2016-10-12T16:31:12+00:00\",\"description\":\"Luxury beds Divian Dream. The name of our company is a word-play using the words \u2018divine\u2019 and \u2018divan\u2019 expressing our full commitment to make your dreaming in our beds a unique and out-of-this-world experience.\",\"breadcrumb\":{\"@id\":\"https:\/\/www.diviandream.cz\/en\/about-us-2\/#breadcrumb\"},\"inLanguage\":\"en-US\",\"potentialAction\":[{\"@type\":\"ReadAction\",\"target\":[\"https:\/\/www.diviandream.cz\/en\/about-us-2\/\"]}]},{\"@type\":\"BreadcrumbList\",\"@id\":\"https:\/\/www.diviandream.cz\/en\/about-us-2\/#breadcrumb\",\"itemListElement\":[{\"@type\":\"ListItem\",\"position\":1,\"name\":\"Dom\u016f\",\"item\":\"https:\/\/www.diviandream.cz\/en\/\"},{\"@type\":\"ListItem\",\"position\":2,\"name\":\"About us &#8211; Luxury beds\"}]},{\"@type\":\"WebSite\",\"@id\":\"https:\/\/www.diviandream.cz\/#website\",\"url\":\"https:\/\/www.diviandream.cz\/\",\"name\":\"Luxusn\u00ed postele Divian Dream - Prodejce postel\u00ed Praha\",\"description\":\"Prodej luxusn\u00edch postel\u00ed. \u00dasp\u011bch na\u0161ich postel\u00ed spo\u010d\u00edv\u00e1 ve sklouben\u00ed tradi\u010dn\u00edch princip\u016f s \u010dist\u011b p\u0159\u00edrodn\u00edmi materi\u00e1ly a modern\u00edmi technologiemi. Z\u00e1kladem luxusn\u00edch postel\u00ed jsou roky prov\u011b\u0159en\u00e9 pru\u017einov\u00e9 syst\u00e9my se v\u0161emi jejich v\u00fdhodami pro zdrav\u00fd a kvalitn\u00ed sp\u00e1nek.\",\"potentialAction\":[{\"@type\":\"SearchAction\",\"target\":{\"@type\":\"EntryPoint\",\"urlTemplate\":\"https:\/\/www.diviandream.cz\/?s={search_term_string}\"},\"query-input\":\"required name=search_term_string\"}],\"inLanguage\":\"en-US\"}]}<\/script>\n<!-- \/ Yoast SEO plugin. -->","yoast_head_json":{"title":"Exclusive Luxury beds - Divian Dreams Prague","description":"Luxury beds Divian Dream. The name of our company is a word-play using the words \u2018divine\u2019 and \u2018divan\u2019 expressing our full commitment to make your dreaming in our beds a unique and out-of-this-world experience.","robots":{"index":"index","follow":"follow","max-snippet":"max-snippet:-1","max-image-preview":"max-image-preview:large","max-video-preview":"max-video-preview:-1"},"canonical":"https:\/\/www.diviandream.cz\/en\/about-us-2\/","og_locale":"en_US","og_type":"article","og_title":"Exclusive Luxury beds - Divian Dreams Prague","og_description":"Luxury beds Divian Dream. The name of our company is a word-play using the words \u2018divine\u2019 and \u2018divan\u2019 expressing our full commitment to make your dreaming in our beds a unique and out-of-this-world experience.","og_url":"https:\/\/www.diviandream.cz\/en\/about-us-2\/","og_site_name":"Luxusn\u00ed postele Divian Dream - Prodejce postel\u00ed Praha","article_modified_time":"2016-10-12T16:31:12+00:00","og_image":[{"url":"http:\/\/www.diviandream.cz\/wp-content\/uploads\/2014\/05\/diviandream_sm2.jpg"}],"twitter_misc":{"Est. reading time":"1 minute"},"schema":{"@context":"https:\/\/schema.org","@graph":[{"@type":"WebPage","@id":"https:\/\/www.diviandream.cz\/en\/about-us-2\/","url":"https:\/\/www.diviandream.cz\/en\/about-us-2\/","name":"Exclusive Luxury beds - Divian Dreams Prague","isPartOf":{"@id":"https:\/\/www.diviandream.cz\/#website"},"datePublished":"2014-05-26T04:50:38+00:00","dateModified":"2016-10-12T16:31:12+00:00","description":"Luxury beds Divian Dream. The name of our company is a word-play using the words \u2018divine\u2019 and \u2018divan\u2019 expressing our full commitment to make your dreaming in our beds a unique and out-of-this-world experience.","breadcrumb":{"@id":"https:\/\/www.diviandream.cz\/en\/about-us-2\/#breadcrumb"},"inLanguage":"en-US","potentialAction":[{"@type":"ReadAction","target":["https:\/\/www.diviandream.cz\/en\/about-us-2\/"]}]},{"@type":"BreadcrumbList","@id":"https:\/\/www.diviandream.cz\/en\/about-us-2\/#breadcrumb","itemListElement":[{"@type":"ListItem","position":1,"name":"Dom\u016f","item":"https:\/\/www.diviandream.cz\/en\/"},{"@type":"ListItem","position":2,"name":"About us &#8211; Luxury beds"}]},{"@type":"WebSite","@id":"https:\/\/www.diviandream.cz\/#website","url":"https:\/\/www.diviandream.cz\/","name":"Luxusn\u00ed postele Divian Dream - Prodejce postel\u00ed Praha","description":"Prodej luxusn\u00edch postel\u00ed. \u00dasp\u011bch na\u0161ich postel\u00ed spo\u010d\u00edv\u00e1 ve sklouben\u00ed tradi\u010dn\u00edch princip\u016f s \u010dist\u011b p\u0159\u00edrodn\u00edmi materi\u00e1ly a modern\u00edmi technologiemi. Z\u00e1kladem luxusn\u00edch postel\u00ed jsou roky prov\u011b\u0159en\u00e9 pru\u017einov\u00e9 syst\u00e9my se v\u0161emi jejich v\u00fdhodami pro zdrav\u00fd a kvalitn\u00ed sp\u00e1nek.","potentialAction":[{"@type":"SearchAction","target":{"@type":"EntryPoint","urlTemplate":"https:\/\/www.diviandream.cz\/?s={search_term_string}"},"query-input":"required name=search_term_string"}],"inLanguage":"en-US"}]}},"_links":{"self":[{"href":"https:\/\/www.diviandream.cz\/wp-json\/wp\/v2\/pages\/1052","targetHints":{"allow":["GET"]}}],"collection":[{"href":"https:\/\/www.diviandream.cz\/wp-json\/wp\/v2\/pages"}],"about":[{"href":"https:\/\/www.diviandream.cz\/wp-json\/wp\/v2\/types\/page"}],"author":[{"embeddable":true,"href":"https:\/\/www.diviandream.cz\/wp-json\/wp\/v2\/users\/2"}],"replies":[{"embeddable":true,"href":"https:\/\/www.diviandream.cz\/wp-json\/wp\/v2\/comments?post=1052"}],"version-history":[{"count":20,"href":"https:\/\/www.diviandream.cz\/wp-json\/wp\/v2\/pages\/1052\/revisions"}],"predecessor-version":[{"id":1930,"href":"https:\/\/www.diviandream.cz\/wp-json\/wp\/v2\/pages\/1052\/revisions\/1930"}],"wp:attachment":[{"href":"https:\/\/www.diviandream.cz\/wp-json\/wp\/v2\/media?parent=1052"}],"curies":[{"name":"wp","href":"https:\/\/api.w.org\/{rel}","templated":true}]}}