{"id":1174,"date":"2014-05-28T04:17:05","date_gmt":"2014-05-28T03:17:05","guid":{"rendered":"http:\/\/www.diviandream.cz\/?page_id=1174"},"modified":"2014-06-01T10:24:38","modified_gmt":"2014-06-01T09:24:38","slug":"headboards","status":"publish","type":"page","link":"https:\/\/www.diviandream.cz\/en\/headboards\/","title":{"rendered":"headboards"},"content":{"rendered":"<h1 style=\"text-align: center;\">headboards<\/h1>\n<hr \/>\n<p style=\"text-align: center;\">The colour and material for both the box\u00a0spring base (divan) and the headboard\u00a0can be selected from the Divian Dream\u00a0sample book.<\/p>\n<p style=\"text-align: center;\"><div id=\"su_carousel_69ea4ae3ba32a\" class=\"su-carousel su-carousel-centered su-carousel-pages-no su-carousel-responsive-yes\" style=\"width:100%\" data-autoplay=\"3000\" data-speed=\"600\" data-mousewheel=\"true\" data-items=\"3\" data-scroll=\"1\"><div class=\"su-carousel-slides\"><div class=\"su-carousel-slide\"><a><img decoding=\"async\" src=\"https:\/\/www.diviandream.cz\/wp-content\/uploads\/2014\/06\/auriga.jpg\" alt=\"auriga\" \/><span class=\"su-carousel-slide-title\">auriga<\/span><\/a><\/div><div class=\"su-carousel-slide\"><a><img decoding=\"async\" src=\"https:\/\/www.diviandream.cz\/wp-content\/uploads\/2014\/06\/carina.jpg\" alt=\"carina\" \/><span class=\"su-carousel-slide-title\">carina<\/span><\/a><\/div><div class=\"su-carousel-slide\"><a><img decoding=\"async\" src=\"https:\/\/www.diviandream.cz\/wp-content\/uploads\/2014\/06\/pictor.jpg\" alt=\"pictor\" \/><span class=\"su-carousel-slide-title\">pictor<\/span><\/a><\/div><div class=\"su-carousel-slide\"><a><img decoding=\"async\" src=\"https:\/\/www.diviandream.cz\/wp-content\/uploads\/2014\/06\/cygnus.jpg\" alt=\"cygnus\" \/><span class=\"su-carousel-slide-title\">cygnus<\/span><\/a><\/div><div class=\"su-carousel-slide\"><a><img decoding=\"async\" src=\"https:\/\/www.diviandream.cz\/wp-content\/uploads\/2014\/06\/columba.jpg\" alt=\"columba\" \/><span class=\"su-carousel-slide-title\">columba<\/span><\/a><\/div><div class=\"su-carousel-slide\"><a><img decoding=\"async\" src=\"https:\/\/www.diviandream.cz\/wp-content\/uploads\/2014\/06\/gemini.jpg\" alt=\"gemini\" \/><span class=\"su-carousel-slide-title\">gemini<\/span><\/a><\/div><div class=\"su-carousel-slide\"><a><img decoding=\"async\" src=\"https:\/\/www.diviandream.cz\/wp-content\/uploads\/2014\/06\/ara.jpg\" alt=\"ara\" \/><span class=\"su-carousel-slide-title\">ara<\/span><\/a><\/div><div class=\"su-carousel-slide\"><a><img decoding=\"async\" src=\"https:\/\/www.diviandream.cz\/wp-content\/uploads\/2014\/06\/aquarius.jpg\" alt=\"aquarius\" \/><span class=\"su-carousel-slide-title\">aquarius<\/span><\/a><\/div><div class=\"su-carousel-slide\"><a><img decoding=\"async\" src=\"https:\/\/www.diviandream.cz\/wp-content\/uploads\/2014\/06\/lyra.jpg\" alt=\"lyra\" \/><span class=\"su-carousel-slide-title\">lyra<\/span><\/a><\/div><\/div><div class=\"su-carousel-nav\"><div class=\"su-carousel-direction\"><span class=\"su-carousel-prev\"><\/span><span class=\"su-carousel-next\"><\/span><\/div><div class=\"su-carousel-pagination\"><\/div><\/div><\/div>\n<p style=\"text-align: center;\">The headboards can be combines freely\u00a0with the individual bed product lines.<\/p>\n<hr \/>\n","protected":false},"excerpt":{"rendered":"<p>headboards The colour and material for both the box\u00a0spring base (divan) and the headboard\u00a0can be selected from the Divian Dream\u00a0sample book. The headboards can be combines freely\u00a0with the individual bed product lines.<\/p>\n","protected":false},"author":2,"featured_media":0,"parent":0,"menu_order":0,"comment_status":"closed","ping_status":"closed","template":"templates\/template-full-notitle.php","meta":{"_locale":"en_US","_original_post":"1034","footnotes":""},"class_list":["post-1174","page","type-page","status-publish","hentry","en-US","post"],"yoast_head":"<!-- This site is optimized with the Yoast SEO plugin v20.4 - https:\/\/yoast.com\/wordpress\/plugins\/seo\/ -->\n<title>headboards - Luxusn\u00ed postele Divian Dream - Prodejce postel\u00ed Praha<\/title>\n<meta name=\"robots\" content=\"index, follow, max-snippet:-1, max-image-preview:large, max-video-preview:-1\" \/>\n<link rel=\"canonical\" href=\"https:\/\/www.diviandream.cz\/en\/headboards\/\" \/>\n<meta property=\"og:locale\" content=\"en_US\" \/>\n<meta property=\"og:type\" content=\"article\" \/>\n<meta property=\"og:title\" content=\"headboards - Luxusn\u00ed postele Divian Dream - Prodejce postel\u00ed Praha\" \/>\n<meta property=\"og:description\" content=\"headboards The colour and material for both the box\u00a0spring base (divan) and the headboard\u00a0can be selected from the Divian Dream\u00a0sample book. The headboards can be combines freely\u00a0with the individual bed product lines.\" \/>\n<meta property=\"og:url\" content=\"https:\/\/www.diviandream.cz\/en\/headboards\/\" \/>\n<meta property=\"og:site_name\" content=\"Luxusn\u00ed postele Divian Dream - Prodejce postel\u00ed Praha\" \/>\n<meta property=\"article:modified_time\" content=\"2014-06-01T09:24:38+00:00\" \/>\n<script type=\"application\/ld+json\" class=\"yoast-schema-graph\">{\"@context\":\"https:\/\/schema.org\",\"@graph\":[{\"@type\":\"WebPage\",\"@id\":\"https:\/\/www.diviandream.cz\/en\/headboards\/\",\"url\":\"https:\/\/www.diviandream.cz\/en\/headboards\/\",\"name\":\"headboards - Luxusn\u00ed postele Divian Dream - Prodejce postel\u00ed Praha\",\"isPartOf\":{\"@id\":\"https:\/\/www.diviandream.cz\/#website\"},\"datePublished\":\"2014-05-28T03:17:05+00:00\",\"dateModified\":\"2014-06-01T09:24:38+00:00\",\"breadcrumb\":{\"@id\":\"https:\/\/www.diviandream.cz\/en\/headboards\/#breadcrumb\"},\"inLanguage\":\"en-US\",\"potentialAction\":[{\"@type\":\"ReadAction\",\"target\":[\"https:\/\/www.diviandream.cz\/en\/headboards\/\"]}]},{\"@type\":\"BreadcrumbList\",\"@id\":\"https:\/\/www.diviandream.cz\/en\/headboards\/#breadcrumb\",\"itemListElement\":[{\"@type\":\"ListItem\",\"position\":1,\"name\":\"Dom\u016f\",\"item\":\"https:\/\/www.diviandream.cz\/en\/\"},{\"@type\":\"ListItem\",\"position\":2,\"name\":\"headboards\"}]},{\"@type\":\"WebSite\",\"@id\":\"https:\/\/www.diviandream.cz\/#website\",\"url\":\"https:\/\/www.diviandream.cz\/\",\"name\":\"Luxusn\u00ed postele Divian Dream - Prodejce postel\u00ed Praha\",\"description\":\"Prodej luxusn\u00edch postel\u00ed. \u00dasp\u011bch na\u0161ich postel\u00ed spo\u010d\u00edv\u00e1 ve sklouben\u00ed tradi\u010dn\u00edch princip\u016f s \u010dist\u011b p\u0159\u00edrodn\u00edmi materi\u00e1ly a modern\u00edmi technologiemi. Z\u00e1kladem luxusn\u00edch postel\u00ed jsou roky prov\u011b\u0159en\u00e9 pru\u017einov\u00e9 syst\u00e9my se v\u0161emi jejich v\u00fdhodami pro zdrav\u00fd a kvalitn\u00ed sp\u00e1nek.\",\"potentialAction\":[{\"@type\":\"SearchAction\",\"target\":{\"@type\":\"EntryPoint\",\"urlTemplate\":\"https:\/\/www.diviandream.cz\/?s={search_term_string}\"},\"query-input\":\"required name=search_term_string\"}],\"inLanguage\":\"en-US\"}]}<\/script>\n<!-- \/ Yoast SEO plugin. -->","yoast_head_json":{"title":"headboards - Luxusn\u00ed postele Divian Dream - Prodejce postel\u00ed Praha","robots":{"index":"index","follow":"follow","max-snippet":"max-snippet:-1","max-image-preview":"max-image-preview:large","max-video-preview":"max-video-preview:-1"},"canonical":"https:\/\/www.diviandream.cz\/en\/headboards\/","og_locale":"en_US","og_type":"article","og_title":"headboards - Luxusn\u00ed postele Divian Dream - Prodejce postel\u00ed Praha","og_description":"headboards The colour and material for both the box\u00a0spring base (divan) and the headboard\u00a0can be selected from the Divian Dream\u00a0sample book. The headboards can be combines freely\u00a0with the individual bed product lines.","og_url":"https:\/\/www.diviandream.cz\/en\/headboards\/","og_site_name":"Luxusn\u00ed postele Divian Dream - Prodejce postel\u00ed Praha","article_modified_time":"2014-06-01T09:24:38+00:00","schema":{"@context":"https:\/\/schema.org","@graph":[{"@type":"WebPage","@id":"https:\/\/www.diviandream.cz\/en\/headboards\/","url":"https:\/\/www.diviandream.cz\/en\/headboards\/","name":"headboards - Luxusn\u00ed postele Divian Dream - Prodejce postel\u00ed Praha","isPartOf":{"@id":"https:\/\/www.diviandream.cz\/#website"},"datePublished":"2014-05-28T03:17:05+00:00","dateModified":"2014-06-01T09:24:38+00:00","breadcrumb":{"@id":"https:\/\/www.diviandream.cz\/en\/headboards\/#breadcrumb"},"inLanguage":"en-US","potentialAction":[{"@type":"ReadAction","target":["https:\/\/www.diviandream.cz\/en\/headboards\/"]}]},{"@type":"BreadcrumbList","@id":"https:\/\/www.diviandream.cz\/en\/headboards\/#breadcrumb","itemListElement":[{"@type":"ListItem","position":1,"name":"Dom\u016f","item":"https:\/\/www.diviandream.cz\/en\/"},{"@type":"ListItem","position":2,"name":"headboards"}]},{"@type":"WebSite","@id":"https:\/\/www.diviandream.cz\/#website","url":"https:\/\/www.diviandream.cz\/","name":"Luxusn\u00ed postele Divian Dream - Prodejce postel\u00ed Praha","description":"Prodej luxusn\u00edch postel\u00ed. \u00dasp\u011bch na\u0161ich postel\u00ed spo\u010d\u00edv\u00e1 ve sklouben\u00ed tradi\u010dn\u00edch princip\u016f s \u010dist\u011b p\u0159\u00edrodn\u00edmi materi\u00e1ly a modern\u00edmi technologiemi. Z\u00e1kladem luxusn\u00edch postel\u00ed jsou roky prov\u011b\u0159en\u00e9 pru\u017einov\u00e9 syst\u00e9my se v\u0161emi jejich v\u00fdhodami pro zdrav\u00fd a kvalitn\u00ed sp\u00e1nek.","potentialAction":[{"@type":"SearchAction","target":{"@type":"EntryPoint","urlTemplate":"https:\/\/www.diviandream.cz\/?s={search_term_string}"},"query-input":"required name=search_term_string"}],"inLanguage":"en-US"}]}},"_links":{"self":[{"href":"https:\/\/www.diviandream.cz\/wp-json\/wp\/v2\/pages\/1174","targetHints":{"allow":["GET"]}}],"collection":[{"href":"https:\/\/www.diviandream.cz\/wp-json\/wp\/v2\/pages"}],"about":[{"href":"https:\/\/www.diviandream.cz\/wp-json\/wp\/v2\/types\/page"}],"author":[{"embeddable":true,"href":"https:\/\/www.diviandream.cz\/wp-json\/wp\/v2\/users\/2"}],"replies":[{"embeddable":true,"href":"https:\/\/www.diviandream.cz\/wp-json\/wp\/v2\/comments?post=1174"}],"version-history":[{"count":2,"href":"https:\/\/www.diviandream.cz\/wp-json\/wp\/v2\/pages\/1174\/revisions"}],"predecessor-version":[{"id":1277,"href":"https:\/\/www.diviandream.cz\/wp-json\/wp\/v2\/pages\/1174\/revisions\/1277"}],"wp:attachment":[{"href":"https:\/\/www.diviandream.cz\/wp-json\/wp\/v2\/media?parent=1174"}],"curies":[{"name":"wp","href":"https:\/\/api.w.org\/{rel}","templated":true}]}}