{"id":1453,"date":"2014-06-17T16:25:41","date_gmt":"2014-06-17T15:25:41","guid":{"rendered":"http:\/\/www.diviandream.cz\/?page_id=1453"},"modified":"2014-06-24T05:50:41","modified_gmt":"2014-06-24T04:50:41","slug":"laptray-tables","status":"publish","type":"page","link":"https:\/\/www.diviandream.cz\/en\/laptray-tables\/","title":{"rendered":"Beside tables  LapTray"},"content":{"rendered":"<h2 style=\"text-align: center;\">Beside tables\u00a0\u00a0LapTray<\/h2>\n<hr \/>\n<p>Beside tables LapTray<\/p>\n<p>You can work, have your breakfast and even have lunch in your new bed from us now. LapTray is your stylist helper thanks to which you can taste your morning coffee and work on your laptop. You will manage your e-mails or you can watch the forecast unless you miss out on your comfort your bed provides. Your notebook is not going to overheat as it would happen in your bed. LapTray is really universal, it manages even feeding your kids in the bed directly or in your favorite chair.<\/p>\n<p>The upper pillow is removeable and it is possible to wash it easily. The bolster as well as the pillow are at disposal of wide colour range. You will receive LapTray in a gift pack from us.<\/p>\n<div class=\"su-custom-gallery su-custom-gallery-align-left su-custom-gallery-title-never su-lightbox-gallery\"><div class=\"su-custom-gallery-slide\" style=\"width:190px;height:170px\"><a href=\"https:\/\/www.diviandream.cz\/wp-content\/uploads\/2014\/05\/laptray1.jpg\" title=\"laptray1\"><img loading=\"lazy\" decoding=\"async\" src=\"https:\/\/www.diviandream.cz\/wp-content\/uploads\/2014\/05\/laptray1-190x170.jpg\" alt=\"laptray1\" width=\"190\" height=\"170\" \/><span class=\"su-custom-gallery-title\">laptray1<\/span><\/a><\/div><div class=\"su-custom-gallery-slide\" style=\"width:190px;height:170px\"><a href=\"https:\/\/www.diviandream.cz\/wp-content\/uploads\/2014\/05\/laptray2.jpg\" title=\"laptray2\"><img loading=\"lazy\" decoding=\"async\" src=\"https:\/\/www.diviandream.cz\/wp-content\/uploads\/2014\/05\/laptray2-190x170.jpg\" alt=\"laptray2\" width=\"190\" height=\"170\" \/><span class=\"su-custom-gallery-title\">laptray2<\/span><\/a><\/div><div class=\"su-custom-gallery-slide\" style=\"width:190px;height:170px\"><a href=\"https:\/\/www.diviandream.cz\/wp-content\/uploads\/2014\/05\/laptray3.jpg\" title=\"laptray3\"><img loading=\"lazy\" decoding=\"async\" src=\"https:\/\/www.diviandream.cz\/wp-content\/uploads\/2014\/05\/laptray3-190x170.jpg\" alt=\"laptray3\" width=\"190\" height=\"170\" \/><span class=\"su-custom-gallery-title\">laptray3<\/span><\/a><\/div><div class=\"su-custom-gallery-slide\" style=\"width:190px;height:170px\"><a href=\"https:\/\/www.diviandream.cz\/wp-content\/uploads\/2014\/05\/laptray4.jpg\" title=\"laptray4\"><img loading=\"lazy\" decoding=\"async\" src=\"https:\/\/www.diviandream.cz\/wp-content\/uploads\/2014\/05\/laptray4-190x170.jpg\" alt=\"laptray4\" width=\"190\" height=\"170\" \/><span class=\"su-custom-gallery-title\">laptray4<\/span><\/a><\/div><div class=\"su-clear\"><\/div><\/div>\n<hr \/>\n","protected":false},"excerpt":{"rendered":"<p>Beside tables\u00a0\u00a0LapTray Beside tables LapTray You can work, have your breakfast and even have lunch in your new bed from us now. LapTray is your stylist helper thanks to which you can taste your morning coffee and work on your laptop. You will manage your e-mails or you can watch the forecast unless you miss [&hellip;]<\/p>\n","protected":false},"author":2,"featured_media":0,"parent":0,"menu_order":0,"comment_status":"closed","ping_status":"closed","template":"templates\/template-full-notitle.php","meta":{"_locale":"en_US","_original_post":"1145","footnotes":""},"class_list":["post-1453","page","type-page","status-publish","hentry","en-US","post"],"yoast_head":"<!-- This site is optimized with the Yoast SEO plugin v20.4 - https:\/\/yoast.com\/wordpress\/plugins\/seo\/ -->\n<title>Beside tables LapTray - Luxusn\u00ed postele Divian Dream - Prodejce postel\u00ed Praha<\/title>\n<meta name=\"robots\" content=\"index, follow, max-snippet:-1, max-image-preview:large, max-video-preview:-1\" \/>\n<link rel=\"canonical\" href=\"https:\/\/www.diviandream.cz\/en\/laptray-tables\/\" \/>\n<meta property=\"og:locale\" content=\"en_US\" \/>\n<meta property=\"og:type\" content=\"article\" \/>\n<meta property=\"og:title\" content=\"Beside tables LapTray - Luxusn\u00ed postele Divian Dream - Prodejce postel\u00ed Praha\" \/>\n<meta property=\"og:description\" content=\"Beside tables\u00a0\u00a0LapTray Beside tables LapTray You can work, have your breakfast and even have lunch in your new bed from us now. LapTray is your stylist helper thanks to which you can taste your morning coffee and work on your laptop. You will manage your e-mails or you can watch the forecast unless you miss [&hellip;]\" \/>\n<meta property=\"og:url\" content=\"https:\/\/www.diviandream.cz\/en\/laptray-tables\/\" \/>\n<meta property=\"og:site_name\" content=\"Luxusn\u00ed postele Divian Dream - Prodejce postel\u00ed Praha\" \/>\n<meta property=\"article:modified_time\" content=\"2014-06-24T04:50:41+00:00\" \/>\n<meta name=\"twitter:label1\" content=\"Est. reading time\" \/>\n\t<meta name=\"twitter:data1\" content=\"1 minute\" \/>\n<script type=\"application\/ld+json\" class=\"yoast-schema-graph\">{\"@context\":\"https:\/\/schema.org\",\"@graph\":[{\"@type\":\"WebPage\",\"@id\":\"https:\/\/www.diviandream.cz\/en\/laptray-tables\/\",\"url\":\"https:\/\/www.diviandream.cz\/en\/laptray-tables\/\",\"name\":\"Beside tables LapTray - Luxusn\u00ed postele Divian Dream - Prodejce postel\u00ed Praha\",\"isPartOf\":{\"@id\":\"https:\/\/www.diviandream.cz\/#website\"},\"datePublished\":\"2014-06-17T15:25:41+00:00\",\"dateModified\":\"2014-06-24T04:50:41+00:00\",\"breadcrumb\":{\"@id\":\"https:\/\/www.diviandream.cz\/en\/laptray-tables\/#breadcrumb\"},\"inLanguage\":\"en-US\",\"potentialAction\":[{\"@type\":\"ReadAction\",\"target\":[\"https:\/\/www.diviandream.cz\/en\/laptray-tables\/\"]}]},{\"@type\":\"BreadcrumbList\",\"@id\":\"https:\/\/www.diviandream.cz\/en\/laptray-tables\/#breadcrumb\",\"itemListElement\":[{\"@type\":\"ListItem\",\"position\":1,\"name\":\"Dom\u016f\",\"item\":\"https:\/\/www.diviandream.cz\/en\/\"},{\"@type\":\"ListItem\",\"position\":2,\"name\":\"Beside tables LapTray\"}]},{\"@type\":\"WebSite\",\"@id\":\"https:\/\/www.diviandream.cz\/#website\",\"url\":\"https:\/\/www.diviandream.cz\/\",\"name\":\"Luxusn\u00ed postele Divian Dream - Prodejce postel\u00ed Praha\",\"description\":\"Prodej luxusn\u00edch postel\u00ed. \u00dasp\u011bch na\u0161ich postel\u00ed spo\u010d\u00edv\u00e1 ve sklouben\u00ed tradi\u010dn\u00edch princip\u016f s \u010dist\u011b p\u0159\u00edrodn\u00edmi materi\u00e1ly a modern\u00edmi technologiemi. Z\u00e1kladem luxusn\u00edch postel\u00ed jsou roky prov\u011b\u0159en\u00e9 pru\u017einov\u00e9 syst\u00e9my se v\u0161emi jejich v\u00fdhodami pro zdrav\u00fd a kvalitn\u00ed sp\u00e1nek.\",\"potentialAction\":[{\"@type\":\"SearchAction\",\"target\":{\"@type\":\"EntryPoint\",\"urlTemplate\":\"https:\/\/www.diviandream.cz\/?s={search_term_string}\"},\"query-input\":\"required name=search_term_string\"}],\"inLanguage\":\"en-US\"}]}<\/script>\n<!-- \/ Yoast SEO plugin. -->","yoast_head_json":{"title":"Beside tables LapTray - Luxusn\u00ed postele Divian Dream - Prodejce postel\u00ed Praha","robots":{"index":"index","follow":"follow","max-snippet":"max-snippet:-1","max-image-preview":"max-image-preview:large","max-video-preview":"max-video-preview:-1"},"canonical":"https:\/\/www.diviandream.cz\/en\/laptray-tables\/","og_locale":"en_US","og_type":"article","og_title":"Beside tables LapTray - Luxusn\u00ed postele Divian Dream - Prodejce postel\u00ed Praha","og_description":"Beside tables\u00a0\u00a0LapTray Beside tables LapTray You can work, have your breakfast and even have lunch in your new bed from us now. LapTray is your stylist helper thanks to which you can taste your morning coffee and work on your laptop. You will manage your e-mails or you can watch the forecast unless you miss [&hellip;]","og_url":"https:\/\/www.diviandream.cz\/en\/laptray-tables\/","og_site_name":"Luxusn\u00ed postele Divian Dream - Prodejce postel\u00ed Praha","article_modified_time":"2014-06-24T04:50:41+00:00","twitter_misc":{"Est. reading time":"1 minute"},"schema":{"@context":"https:\/\/schema.org","@graph":[{"@type":"WebPage","@id":"https:\/\/www.diviandream.cz\/en\/laptray-tables\/","url":"https:\/\/www.diviandream.cz\/en\/laptray-tables\/","name":"Beside tables LapTray - Luxusn\u00ed postele Divian Dream - Prodejce postel\u00ed Praha","isPartOf":{"@id":"https:\/\/www.diviandream.cz\/#website"},"datePublished":"2014-06-17T15:25:41+00:00","dateModified":"2014-06-24T04:50:41+00:00","breadcrumb":{"@id":"https:\/\/www.diviandream.cz\/en\/laptray-tables\/#breadcrumb"},"inLanguage":"en-US","potentialAction":[{"@type":"ReadAction","target":["https:\/\/www.diviandream.cz\/en\/laptray-tables\/"]}]},{"@type":"BreadcrumbList","@id":"https:\/\/www.diviandream.cz\/en\/laptray-tables\/#breadcrumb","itemListElement":[{"@type":"ListItem","position":1,"name":"Dom\u016f","item":"https:\/\/www.diviandream.cz\/en\/"},{"@type":"ListItem","position":2,"name":"Beside tables LapTray"}]},{"@type":"WebSite","@id":"https:\/\/www.diviandream.cz\/#website","url":"https:\/\/www.diviandream.cz\/","name":"Luxusn\u00ed postele Divian Dream - Prodejce postel\u00ed Praha","description":"Prodej luxusn\u00edch postel\u00ed. \u00dasp\u011bch na\u0161ich postel\u00ed spo\u010d\u00edv\u00e1 ve sklouben\u00ed tradi\u010dn\u00edch princip\u016f s \u010dist\u011b p\u0159\u00edrodn\u00edmi materi\u00e1ly a modern\u00edmi technologiemi. Z\u00e1kladem luxusn\u00edch postel\u00ed jsou roky prov\u011b\u0159en\u00e9 pru\u017einov\u00e9 syst\u00e9my se v\u0161emi jejich v\u00fdhodami pro zdrav\u00fd a kvalitn\u00ed sp\u00e1nek.","potentialAction":[{"@type":"SearchAction","target":{"@type":"EntryPoint","urlTemplate":"https:\/\/www.diviandream.cz\/?s={search_term_string}"},"query-input":"required name=search_term_string"}],"inLanguage":"en-US"}]}},"_links":{"self":[{"href":"https:\/\/www.diviandream.cz\/wp-json\/wp\/v2\/pages\/1453","targetHints":{"allow":["GET"]}}],"collection":[{"href":"https:\/\/www.diviandream.cz\/wp-json\/wp\/v2\/pages"}],"about":[{"href":"https:\/\/www.diviandream.cz\/wp-json\/wp\/v2\/types\/page"}],"author":[{"embeddable":true,"href":"https:\/\/www.diviandream.cz\/wp-json\/wp\/v2\/users\/2"}],"replies":[{"embeddable":true,"href":"https:\/\/www.diviandream.cz\/wp-json\/wp\/v2\/comments?post=1453"}],"version-history":[{"count":3,"href":"https:\/\/www.diviandream.cz\/wp-json\/wp\/v2\/pages\/1453\/revisions"}],"predecessor-version":[{"id":1691,"href":"https:\/\/www.diviandream.cz\/wp-json\/wp\/v2\/pages\/1453\/revisions\/1691"}],"wp:attachment":[{"href":"https:\/\/www.diviandream.cz\/wp-json\/wp\/v2\/media?parent=1453"}],"curies":[{"name":"wp","href":"https:\/\/api.w.org\/{rel}","templated":true}]}}