{"id":1455,"date":"2014-06-17T16:26:43","date_gmt":"2014-06-17T15:26:43","guid":{"rendered":"http:\/\/www.diviandream.cz\/?page_id=1455"},"modified":"2014-06-17T16:27:25","modified_gmt":"2014-06-17T15:27:25","slug":"dutch-decor","status":"publish","type":"page","link":"https:\/\/www.diviandream.cz\/en\/dutch-decor\/","title":{"rendered":"Dutch Decor"},"content":{"rendered":"<h1 style=\"text-align: center;\">Dutch Decor<\/h1>\n<hr \/>\n<p>We introduce a wide collection of pillows and scattercushions of the brand \u201eDutch Decor\u201c of the prestigious Dutch producer to you (not inteded for beds only, but also for sitting and chairs), tartans and also kitchen textile. The brand Dutch Decor belongs to the top of existing modern design textile products.<\/p>\n<p>We will be glad to provide bespoke, made to order products Dutch Decor just according to your wish.<\/p>\n<div class=\"su-custom-gallery su-custom-gallery-align-left su-custom-gallery-title-never su-lightbox-gallery\"><div class=\"su-custom-gallery-slide\" style=\"width:190px;height:170px\"><a href=\"https:\/\/www.diviandream.cz\/wp-content\/uploads\/2014\/05\/DutchDecor32.jpg\" title=\"DutchDecor32\"><img loading=\"lazy\" decoding=\"async\" src=\"https:\/\/www.diviandream.cz\/wp-content\/uploads\/2014\/05\/DutchDecor32-190x170.jpg\" alt=\"DutchDecor32\" width=\"190\" height=\"170\" \/><span class=\"su-custom-gallery-title\">DutchDecor32<\/span><\/a><\/div><div class=\"su-custom-gallery-slide\" style=\"width:190px;height:170px\"><a href=\"https:\/\/www.diviandream.cz\/wp-content\/uploads\/2014\/05\/DutchDecor31.jpg\" title=\"DutchDecor31\"><img loading=\"lazy\" decoding=\"async\" src=\"https:\/\/www.diviandream.cz\/wp-content\/uploads\/2014\/05\/DutchDecor31-190x170.jpg\" alt=\"DutchDecor31\" width=\"190\" height=\"170\" \/><span class=\"su-custom-gallery-title\">DutchDecor31<\/span><\/a><\/div><div class=\"su-custom-gallery-slide\" style=\"width:190px;height:170px\"><a href=\"https:\/\/www.diviandream.cz\/wp-content\/uploads\/2014\/05\/DutchDecor30.jpg\" title=\"DutchDecor30\"><img loading=\"lazy\" decoding=\"async\" src=\"https:\/\/www.diviandream.cz\/wp-content\/uploads\/2014\/05\/DutchDecor30-190x170.jpg\" alt=\"DutchDecor30\" width=\"190\" height=\"170\" \/><span class=\"su-custom-gallery-title\">DutchDecor30<\/span><\/a><\/div><div class=\"su-custom-gallery-slide\" style=\"width:190px;height:170px\"><a href=\"https:\/\/www.diviandream.cz\/wp-content\/uploads\/2014\/05\/DutchDecor29.jpg\" title=\"DutchDecor29\"><img loading=\"lazy\" decoding=\"async\" src=\"https:\/\/www.diviandream.cz\/wp-content\/uploads\/2014\/05\/DutchDecor29-190x170.jpg\" alt=\"DutchDecor29\" width=\"190\" height=\"170\" \/><span class=\"su-custom-gallery-title\">DutchDecor29<\/span><\/a><\/div><div class=\"su-custom-gallery-slide\" style=\"width:190px;height:170px\"><a href=\"https:\/\/www.diviandream.cz\/wp-content\/uploads\/2014\/05\/DutchDecor28.jpg\" title=\"DutchDecor28\"><img loading=\"lazy\" decoding=\"async\" src=\"https:\/\/www.diviandream.cz\/wp-content\/uploads\/2014\/05\/DutchDecor28-190x170.jpg\" alt=\"DutchDecor28\" width=\"190\" height=\"170\" \/><span class=\"su-custom-gallery-title\">DutchDecor28<\/span><\/a><\/div><div class=\"su-custom-gallery-slide\" style=\"width:190px;height:170px\"><a href=\"https:\/\/www.diviandream.cz\/wp-content\/uploads\/2014\/05\/DutchDecor27.jpg\" title=\"DutchDecor27\"><img loading=\"lazy\" decoding=\"async\" src=\"https:\/\/www.diviandream.cz\/wp-content\/uploads\/2014\/05\/DutchDecor27-190x170.jpg\" alt=\"DutchDecor27\" width=\"190\" height=\"170\" \/><span class=\"su-custom-gallery-title\">DutchDecor27<\/span><\/a><\/div><div class=\"su-custom-gallery-slide\" style=\"width:190px;height:170px\"><a href=\"https:\/\/www.diviandream.cz\/wp-content\/uploads\/2014\/05\/DutchDecor26.jpg\" title=\"DutchDecor26\"><img loading=\"lazy\" decoding=\"async\" src=\"https:\/\/www.diviandream.cz\/wp-content\/uploads\/2014\/05\/DutchDecor26-190x170.jpg\" alt=\"DutchDecor26\" width=\"190\" height=\"170\" \/><span class=\"su-custom-gallery-title\">DutchDecor26<\/span><\/a><\/div><div class=\"su-custom-gallery-slide\" style=\"width:190px;height:170px\"><a href=\"https:\/\/www.diviandream.cz\/wp-content\/uploads\/2014\/05\/DutchDecor25.jpg\" title=\"DutchDecor25\"><img loading=\"lazy\" decoding=\"async\" src=\"https:\/\/www.diviandream.cz\/wp-content\/uploads\/2014\/05\/DutchDecor25-190x170.jpg\" alt=\"DutchDecor25\" width=\"190\" height=\"170\" \/><span class=\"su-custom-gallery-title\">DutchDecor25<\/span><\/a><\/div><div class=\"su-custom-gallery-slide\" style=\"width:190px;height:170px\"><a href=\"https:\/\/www.diviandream.cz\/wp-content\/uploads\/2014\/05\/DutchDecor24.jpg\" title=\"DutchDecor24\"><img loading=\"lazy\" decoding=\"async\" src=\"https:\/\/www.diviandream.cz\/wp-content\/uploads\/2014\/05\/DutchDecor24-190x170.jpg\" alt=\"DutchDecor24\" width=\"190\" height=\"170\" \/><span class=\"su-custom-gallery-title\">DutchDecor24<\/span><\/a><\/div><div class=\"su-custom-gallery-slide\" style=\"width:190px;height:170px\"><a href=\"https:\/\/www.diviandream.cz\/wp-content\/uploads\/2014\/05\/DutchDecor23.jpg\" title=\"DutchDecor23\"><img loading=\"lazy\" decoding=\"async\" src=\"https:\/\/www.diviandream.cz\/wp-content\/uploads\/2014\/05\/DutchDecor23-190x170.jpg\" alt=\"DutchDecor23\" width=\"190\" height=\"170\" \/><span class=\"su-custom-gallery-title\">DutchDecor23<\/span><\/a><\/div><div class=\"su-custom-gallery-slide\" style=\"width:190px;height:170px\"><a href=\"https:\/\/www.diviandream.cz\/wp-content\/uploads\/2014\/05\/DutchDecor22.jpg\" title=\"DutchDecor22\"><img loading=\"lazy\" decoding=\"async\" src=\"https:\/\/www.diviandream.cz\/wp-content\/uploads\/2014\/05\/DutchDecor22-190x170.jpg\" alt=\"DutchDecor22\" width=\"190\" height=\"170\" \/><span class=\"su-custom-gallery-title\">DutchDecor22<\/span><\/a><\/div><div class=\"su-custom-gallery-slide\" style=\"width:190px;height:170px\"><a href=\"https:\/\/www.diviandream.cz\/wp-content\/uploads\/2014\/05\/DutchDecor21.jpg\" title=\"DutchDecor21\"><img loading=\"lazy\" decoding=\"async\" src=\"https:\/\/www.diviandream.cz\/wp-content\/uploads\/2014\/05\/DutchDecor21-190x170.jpg\" alt=\"DutchDecor21\" width=\"190\" height=\"170\" \/><span class=\"su-custom-gallery-title\">DutchDecor21<\/span><\/a><\/div><div class=\"su-custom-gallery-slide\" style=\"width:190px;height:170px\"><a href=\"https:\/\/www.diviandream.cz\/wp-content\/uploads\/2014\/05\/DutchDecor20.jpg\" title=\"DutchDecor20\"><img loading=\"lazy\" decoding=\"async\" src=\"https:\/\/www.diviandream.cz\/wp-content\/uploads\/2014\/05\/DutchDecor20-190x170.jpg\" alt=\"DutchDecor20\" width=\"190\" height=\"170\" \/><span class=\"su-custom-gallery-title\">DutchDecor20<\/span><\/a><\/div><div class=\"su-custom-gallery-slide\" style=\"width:190px;height:170px\"><a href=\"https:\/\/www.diviandream.cz\/wp-content\/uploads\/2014\/05\/DutchDecor19.jpg\" title=\"DutchDecor19\"><img loading=\"lazy\" decoding=\"async\" src=\"https:\/\/www.diviandream.cz\/wp-content\/uploads\/2014\/05\/DutchDecor19-190x170.jpg\" alt=\"DutchDecor19\" width=\"190\" height=\"170\" \/><span class=\"su-custom-gallery-title\">DutchDecor19<\/span><\/a><\/div><div class=\"su-custom-gallery-slide\" style=\"width:190px;height:170px\"><a href=\"https:\/\/www.diviandream.cz\/wp-content\/uploads\/2014\/05\/DutchDecor18.jpg\" title=\"DutchDecor18\"><img loading=\"lazy\" decoding=\"async\" src=\"https:\/\/www.diviandream.cz\/wp-content\/uploads\/2014\/05\/DutchDecor18-190x170.jpg\" alt=\"DutchDecor18\" width=\"190\" height=\"170\" \/><span class=\"su-custom-gallery-title\">DutchDecor18<\/span><\/a><\/div><div class=\"su-clear\"><\/div><\/div>\n<p>&nbsp;<\/p>\n<hr \/>\n","protected":false},"excerpt":{"rendered":"<p>Dutch Decor We introduce a wide collection of pillows and scattercushions of the brand \u201eDutch Decor\u201c of the prestigious Dutch producer to you (not inteded for beds only, but also for sitting and chairs), tartans and also kitchen textile. The brand Dutch Decor belongs to the top of existing modern design textile products. We will [&hellip;]<\/p>\n","protected":false},"author":2,"featured_media":0,"parent":0,"menu_order":0,"comment_status":"closed","ping_status":"closed","template":"templates\/template-full-notitle.php","meta":{"_locale":"en_US","_original_post":"1102","footnotes":""},"class_list":["post-1455","page","type-page","status-publish","hentry","en-US","post"],"yoast_head":"<!-- This site is optimized with the Yoast SEO plugin v20.4 - https:\/\/yoast.com\/wordpress\/plugins\/seo\/ -->\n<title>Dutch Decor - Luxusn\u00ed postele Divian Dream - Prodejce postel\u00ed Praha<\/title>\n<meta name=\"robots\" content=\"index, follow, max-snippet:-1, max-image-preview:large, max-video-preview:-1\" \/>\n<link rel=\"canonical\" href=\"https:\/\/www.diviandream.cz\/en\/dutch-decor\/\" \/>\n<meta property=\"og:locale\" content=\"en_US\" \/>\n<meta property=\"og:type\" content=\"article\" \/>\n<meta property=\"og:title\" content=\"Dutch Decor - Luxusn\u00ed postele Divian Dream - Prodejce postel\u00ed Praha\" \/>\n<meta property=\"og:description\" content=\"Dutch Decor We introduce a wide collection of pillows and scattercushions of the brand \u201eDutch Decor\u201c of the prestigious Dutch producer to you (not inteded for beds only, but also for sitting and chairs), tartans and also kitchen textile. The brand Dutch Decor belongs to the top of existing modern design textile products. We will [&hellip;]\" \/>\n<meta property=\"og:url\" content=\"https:\/\/www.diviandream.cz\/en\/dutch-decor\/\" \/>\n<meta property=\"og:site_name\" content=\"Luxusn\u00ed postele Divian Dream - Prodejce postel\u00ed Praha\" \/>\n<meta property=\"article:modified_time\" content=\"2014-06-17T15:27:25+00:00\" \/>\n<script type=\"application\/ld+json\" class=\"yoast-schema-graph\">{\"@context\":\"https:\/\/schema.org\",\"@graph\":[{\"@type\":\"WebPage\",\"@id\":\"https:\/\/www.diviandream.cz\/en\/dutch-decor\/\",\"url\":\"https:\/\/www.diviandream.cz\/en\/dutch-decor\/\",\"name\":\"Dutch Decor - Luxusn\u00ed postele Divian Dream - Prodejce postel\u00ed Praha\",\"isPartOf\":{\"@id\":\"https:\/\/www.diviandream.cz\/#website\"},\"datePublished\":\"2014-06-17T15:26:43+00:00\",\"dateModified\":\"2014-06-17T15:27:25+00:00\",\"breadcrumb\":{\"@id\":\"https:\/\/www.diviandream.cz\/en\/dutch-decor\/#breadcrumb\"},\"inLanguage\":\"en-US\",\"potentialAction\":[{\"@type\":\"ReadAction\",\"target\":[\"https:\/\/www.diviandream.cz\/en\/dutch-decor\/\"]}]},{\"@type\":\"BreadcrumbList\",\"@id\":\"https:\/\/www.diviandream.cz\/en\/dutch-decor\/#breadcrumb\",\"itemListElement\":[{\"@type\":\"ListItem\",\"position\":1,\"name\":\"Dom\u016f\",\"item\":\"https:\/\/www.diviandream.cz\/en\/\"},{\"@type\":\"ListItem\",\"position\":2,\"name\":\"Dutch Decor\"}]},{\"@type\":\"WebSite\",\"@id\":\"https:\/\/www.diviandream.cz\/#website\",\"url\":\"https:\/\/www.diviandream.cz\/\",\"name\":\"Luxusn\u00ed postele Divian Dream - Prodejce postel\u00ed Praha\",\"description\":\"Prodej luxusn\u00edch postel\u00ed. \u00dasp\u011bch na\u0161ich postel\u00ed spo\u010d\u00edv\u00e1 ve sklouben\u00ed tradi\u010dn\u00edch princip\u016f s \u010dist\u011b p\u0159\u00edrodn\u00edmi materi\u00e1ly a modern\u00edmi technologiemi. Z\u00e1kladem luxusn\u00edch postel\u00ed jsou roky prov\u011b\u0159en\u00e9 pru\u017einov\u00e9 syst\u00e9my se v\u0161emi jejich v\u00fdhodami pro zdrav\u00fd a kvalitn\u00ed sp\u00e1nek.\",\"potentialAction\":[{\"@type\":\"SearchAction\",\"target\":{\"@type\":\"EntryPoint\",\"urlTemplate\":\"https:\/\/www.diviandream.cz\/?s={search_term_string}\"},\"query-input\":\"required name=search_term_string\"}],\"inLanguage\":\"en-US\"}]}<\/script>\n<!-- \/ Yoast SEO plugin. -->","yoast_head_json":{"title":"Dutch Decor - Luxusn\u00ed postele Divian Dream - Prodejce postel\u00ed Praha","robots":{"index":"index","follow":"follow","max-snippet":"max-snippet:-1","max-image-preview":"max-image-preview:large","max-video-preview":"max-video-preview:-1"},"canonical":"https:\/\/www.diviandream.cz\/en\/dutch-decor\/","og_locale":"en_US","og_type":"article","og_title":"Dutch Decor - Luxusn\u00ed postele Divian Dream - Prodejce postel\u00ed Praha","og_description":"Dutch Decor We introduce a wide collection of pillows and scattercushions of the brand \u201eDutch Decor\u201c of the prestigious Dutch producer to you (not inteded for beds only, but also for sitting and chairs), tartans and also kitchen textile. The brand Dutch Decor belongs to the top of existing modern design textile products. We will [&hellip;]","og_url":"https:\/\/www.diviandream.cz\/en\/dutch-decor\/","og_site_name":"Luxusn\u00ed postele Divian Dream - Prodejce postel\u00ed Praha","article_modified_time":"2014-06-17T15:27:25+00:00","schema":{"@context":"https:\/\/schema.org","@graph":[{"@type":"WebPage","@id":"https:\/\/www.diviandream.cz\/en\/dutch-decor\/","url":"https:\/\/www.diviandream.cz\/en\/dutch-decor\/","name":"Dutch Decor - Luxusn\u00ed postele Divian Dream - Prodejce postel\u00ed Praha","isPartOf":{"@id":"https:\/\/www.diviandream.cz\/#website"},"datePublished":"2014-06-17T15:26:43+00:00","dateModified":"2014-06-17T15:27:25+00:00","breadcrumb":{"@id":"https:\/\/www.diviandream.cz\/en\/dutch-decor\/#breadcrumb"},"inLanguage":"en-US","potentialAction":[{"@type":"ReadAction","target":["https:\/\/www.diviandream.cz\/en\/dutch-decor\/"]}]},{"@type":"BreadcrumbList","@id":"https:\/\/www.diviandream.cz\/en\/dutch-decor\/#breadcrumb","itemListElement":[{"@type":"ListItem","position":1,"name":"Dom\u016f","item":"https:\/\/www.diviandream.cz\/en\/"},{"@type":"ListItem","position":2,"name":"Dutch Decor"}]},{"@type":"WebSite","@id":"https:\/\/www.diviandream.cz\/#website","url":"https:\/\/www.diviandream.cz\/","name":"Luxusn\u00ed postele Divian Dream - Prodejce postel\u00ed Praha","description":"Prodej luxusn\u00edch postel\u00ed. \u00dasp\u011bch na\u0161ich postel\u00ed spo\u010d\u00edv\u00e1 ve sklouben\u00ed tradi\u010dn\u00edch princip\u016f s \u010dist\u011b p\u0159\u00edrodn\u00edmi materi\u00e1ly a modern\u00edmi technologiemi. Z\u00e1kladem luxusn\u00edch postel\u00ed jsou roky prov\u011b\u0159en\u00e9 pru\u017einov\u00e9 syst\u00e9my se v\u0161emi jejich v\u00fdhodami pro zdrav\u00fd a kvalitn\u00ed sp\u00e1nek.","potentialAction":[{"@type":"SearchAction","target":{"@type":"EntryPoint","urlTemplate":"https:\/\/www.diviandream.cz\/?s={search_term_string}"},"query-input":"required name=search_term_string"}],"inLanguage":"en-US"}]}},"_links":{"self":[{"href":"https:\/\/www.diviandream.cz\/wp-json\/wp\/v2\/pages\/1455","targetHints":{"allow":["GET"]}}],"collection":[{"href":"https:\/\/www.diviandream.cz\/wp-json\/wp\/v2\/pages"}],"about":[{"href":"https:\/\/www.diviandream.cz\/wp-json\/wp\/v2\/types\/page"}],"author":[{"embeddable":true,"href":"https:\/\/www.diviandream.cz\/wp-json\/wp\/v2\/users\/2"}],"replies":[{"embeddable":true,"href":"https:\/\/www.diviandream.cz\/wp-json\/wp\/v2\/comments?post=1455"}],"version-history":[{"count":1,"href":"https:\/\/www.diviandream.cz\/wp-json\/wp\/v2\/pages\/1455\/revisions"}],"predecessor-version":[{"id":1456,"href":"https:\/\/www.diviandream.cz\/wp-json\/wp\/v2\/pages\/1455\/revisions\/1456"}],"wp:attachment":[{"href":"https:\/\/www.diviandream.cz\/wp-json\/wp\/v2\/media?parent=1455"}],"curies":[{"name":"wp","href":"https:\/\/api.w.org\/{rel}","templated":true}]}}