{"id":1467,"date":"2014-06-17T16:44:19","date_gmt":"2014-06-17T15:44:19","guid":{"rendered":"http:\/\/www.diviandream.cz\/?page_id=1467"},"modified":"2014-06-17T19:52:40","modified_gmt":"2014-06-17T18:52:40","slug":"bedclothes-accessories","status":"publish","type":"page","link":"https:\/\/www.diviandream.cz\/en\/bedclothes-accessories\/","title":{"rendered":"Bedclothes Accessories"},"content":{"rendered":"<h1 style=\"text-align: center;\">Bedclothes Accessories<\/h1>\n<hr \/>\n<h2 style=\"text-align: center;\">Down Bedclothes<\/h2>\n<h2 style=\"text-align: center;\"><a href=\"https:\/\/www.diviandream.cz\/en\/down-bedclothes\/\"><img loading=\"lazy\" decoding=\"async\" class=\"aligncenter size-full wp-image-1084\" style=\"box-shadow: 0px 5px 5px #202020;\" alt=\"perove\" src=\"https:\/\/www.diviandream.cz\/wp-content\/uploads\/2014\/05\/perove.jpg\" width=\"700\" height=\"220\" srcset=\"https:\/\/www.diviandream.cz\/wp-content\/uploads\/2014\/05\/perove.jpg 700w, https:\/\/www.diviandream.cz\/wp-content\/uploads\/2014\/05\/perove-300x94.jpg 300w\" sizes=\"auto, (max-width: 700px) 100vw, 700px\" \/><\/a><\/h2>\n<h2 style=\"text-align: center;\">Bed Linen<\/h2>\n<p style=\"text-align: center;\"><a href=\"https:\/\/www.diviandream.cz\/en\/bedclothes-accessories\/bed-linen\/\"><img loading=\"lazy\" decoding=\"async\" class=\"aligncenter size-full wp-image-1083\" style=\"box-shadow: 0px 5px 5px #202020;\" alt=\"povleceni\" src=\"https:\/\/www.diviandream.cz\/wp-content\/uploads\/2014\/05\/povleceni.jpg\" width=\"700\" height=\"220\" srcset=\"https:\/\/www.diviandream.cz\/wp-content\/uploads\/2014\/05\/povleceni.jpg 700w, https:\/\/www.diviandream.cz\/wp-content\/uploads\/2014\/05\/povleceni-300x94.jpg 300w\" sizes=\"auto, (max-width: 700px) 100vw, 700px\" \/><\/a><\/p>\n<hr \/>\n","protected":false},"excerpt":{"rendered":"<p>Bedclothes Accessories Down Bedclothes Bed Linen<\/p>\n","protected":false},"author":2,"featured_media":0,"parent":0,"menu_order":0,"comment_status":"closed","ping_status":"closed","template":"templates\/template-full-notitle.php","meta":{"_locale":"en_US","_original_post":"1082","footnotes":""},"class_list":["post-1467","page","type-page","status-publish","hentry","en-US","post"],"yoast_head":"<!-- This site is optimized with the Yoast SEO plugin v20.4 - https:\/\/yoast.com\/wordpress\/plugins\/seo\/ -->\n<title>Bedclothes Accessories - Luxusn\u00ed postele Divian Dream - Prodejce postel\u00ed Praha<\/title>\n<meta name=\"robots\" content=\"index, follow, max-snippet:-1, max-image-preview:large, max-video-preview:-1\" \/>\n<link rel=\"canonical\" href=\"https:\/\/www.diviandream.cz\/en\/bedclothes-accessories\/\" \/>\n<meta property=\"og:locale\" content=\"en_US\" \/>\n<meta property=\"og:type\" content=\"article\" \/>\n<meta property=\"og:title\" content=\"Bedclothes Accessories - Luxusn\u00ed postele Divian Dream - Prodejce postel\u00ed Praha\" \/>\n<meta property=\"og:description\" content=\"Bedclothes Accessories Down Bedclothes Bed Linen\" \/>\n<meta property=\"og:url\" content=\"https:\/\/www.diviandream.cz\/en\/bedclothes-accessories\/\" \/>\n<meta property=\"og:site_name\" content=\"Luxusn\u00ed postele Divian Dream - Prodejce postel\u00ed Praha\" \/>\n<meta property=\"article:modified_time\" content=\"2014-06-17T18:52:40+00:00\" \/>\n<meta property=\"og:image\" content=\"http:\/\/www.diviandream.cz\/wp-content\/uploads\/2014\/05\/perove.jpg\" \/>\n<script type=\"application\/ld+json\" class=\"yoast-schema-graph\">{\"@context\":\"https:\/\/schema.org\",\"@graph\":[{\"@type\":\"WebPage\",\"@id\":\"https:\/\/www.diviandream.cz\/en\/bedclothes-accessories\/\",\"url\":\"https:\/\/www.diviandream.cz\/en\/bedclothes-accessories\/\",\"name\":\"Bedclothes Accessories - Luxusn\u00ed postele Divian Dream - Prodejce postel\u00ed Praha\",\"isPartOf\":{\"@id\":\"https:\/\/www.diviandream.cz\/#website\"},\"datePublished\":\"2014-06-17T15:44:19+00:00\",\"dateModified\":\"2014-06-17T18:52:40+00:00\",\"breadcrumb\":{\"@id\":\"https:\/\/www.diviandream.cz\/en\/bedclothes-accessories\/#breadcrumb\"},\"inLanguage\":\"en-US\",\"potentialAction\":[{\"@type\":\"ReadAction\",\"target\":[\"https:\/\/www.diviandream.cz\/en\/bedclothes-accessories\/\"]}]},{\"@type\":\"BreadcrumbList\",\"@id\":\"https:\/\/www.diviandream.cz\/en\/bedclothes-accessories\/#breadcrumb\",\"itemListElement\":[{\"@type\":\"ListItem\",\"position\":1,\"name\":\"Dom\u016f\",\"item\":\"https:\/\/www.diviandream.cz\/en\/\"},{\"@type\":\"ListItem\",\"position\":2,\"name\":\"Bedclothes Accessories\"}]},{\"@type\":\"WebSite\",\"@id\":\"https:\/\/www.diviandream.cz\/#website\",\"url\":\"https:\/\/www.diviandream.cz\/\",\"name\":\"Luxusn\u00ed postele Divian Dream - Prodejce postel\u00ed Praha\",\"description\":\"Prodej luxusn\u00edch postel\u00ed. \u00dasp\u011bch na\u0161ich postel\u00ed spo\u010d\u00edv\u00e1 ve sklouben\u00ed tradi\u010dn\u00edch princip\u016f s \u010dist\u011b p\u0159\u00edrodn\u00edmi materi\u00e1ly a modern\u00edmi technologiemi. Z\u00e1kladem luxusn\u00edch postel\u00ed jsou roky prov\u011b\u0159en\u00e9 pru\u017einov\u00e9 syst\u00e9my se v\u0161emi jejich v\u00fdhodami pro zdrav\u00fd a kvalitn\u00ed sp\u00e1nek.\",\"potentialAction\":[{\"@type\":\"SearchAction\",\"target\":{\"@type\":\"EntryPoint\",\"urlTemplate\":\"https:\/\/www.diviandream.cz\/?s={search_term_string}\"},\"query-input\":\"required name=search_term_string\"}],\"inLanguage\":\"en-US\"}]}<\/script>\n<!-- \/ Yoast SEO plugin. -->","yoast_head_json":{"title":"Bedclothes Accessories - Luxusn\u00ed postele Divian Dream - Prodejce postel\u00ed Praha","robots":{"index":"index","follow":"follow","max-snippet":"max-snippet:-1","max-image-preview":"max-image-preview:large","max-video-preview":"max-video-preview:-1"},"canonical":"https:\/\/www.diviandream.cz\/en\/bedclothes-accessories\/","og_locale":"en_US","og_type":"article","og_title":"Bedclothes Accessories - Luxusn\u00ed postele Divian Dream - Prodejce postel\u00ed Praha","og_description":"Bedclothes Accessories Down Bedclothes Bed Linen","og_url":"https:\/\/www.diviandream.cz\/en\/bedclothes-accessories\/","og_site_name":"Luxusn\u00ed postele Divian Dream - Prodejce postel\u00ed Praha","article_modified_time":"2014-06-17T18:52:40+00:00","og_image":[{"url":"http:\/\/www.diviandream.cz\/wp-content\/uploads\/2014\/05\/perove.jpg"}],"schema":{"@context":"https:\/\/schema.org","@graph":[{"@type":"WebPage","@id":"https:\/\/www.diviandream.cz\/en\/bedclothes-accessories\/","url":"https:\/\/www.diviandream.cz\/en\/bedclothes-accessories\/","name":"Bedclothes Accessories - Luxusn\u00ed postele Divian Dream - Prodejce postel\u00ed Praha","isPartOf":{"@id":"https:\/\/www.diviandream.cz\/#website"},"datePublished":"2014-06-17T15:44:19+00:00","dateModified":"2014-06-17T18:52:40+00:00","breadcrumb":{"@id":"https:\/\/www.diviandream.cz\/en\/bedclothes-accessories\/#breadcrumb"},"inLanguage":"en-US","potentialAction":[{"@type":"ReadAction","target":["https:\/\/www.diviandream.cz\/en\/bedclothes-accessories\/"]}]},{"@type":"BreadcrumbList","@id":"https:\/\/www.diviandream.cz\/en\/bedclothes-accessories\/#breadcrumb","itemListElement":[{"@type":"ListItem","position":1,"name":"Dom\u016f","item":"https:\/\/www.diviandream.cz\/en\/"},{"@type":"ListItem","position":2,"name":"Bedclothes Accessories"}]},{"@type":"WebSite","@id":"https:\/\/www.diviandream.cz\/#website","url":"https:\/\/www.diviandream.cz\/","name":"Luxusn\u00ed postele Divian Dream - Prodejce postel\u00ed Praha","description":"Prodej luxusn\u00edch postel\u00ed. \u00dasp\u011bch na\u0161ich postel\u00ed spo\u010d\u00edv\u00e1 ve sklouben\u00ed tradi\u010dn\u00edch princip\u016f s \u010dist\u011b p\u0159\u00edrodn\u00edmi materi\u00e1ly a modern\u00edmi technologiemi. Z\u00e1kladem luxusn\u00edch postel\u00ed jsou roky prov\u011b\u0159en\u00e9 pru\u017einov\u00e9 syst\u00e9my se v\u0161emi jejich v\u00fdhodami pro zdrav\u00fd a kvalitn\u00ed sp\u00e1nek.","potentialAction":[{"@type":"SearchAction","target":{"@type":"EntryPoint","urlTemplate":"https:\/\/www.diviandream.cz\/?s={search_term_string}"},"query-input":"required name=search_term_string"}],"inLanguage":"en-US"}]}},"_links":{"self":[{"href":"https:\/\/www.diviandream.cz\/wp-json\/wp\/v2\/pages\/1467","targetHints":{"allow":["GET"]}}],"collection":[{"href":"https:\/\/www.diviandream.cz\/wp-json\/wp\/v2\/pages"}],"about":[{"href":"https:\/\/www.diviandream.cz\/wp-json\/wp\/v2\/types\/page"}],"author":[{"embeddable":true,"href":"https:\/\/www.diviandream.cz\/wp-json\/wp\/v2\/users\/2"}],"replies":[{"embeddable":true,"href":"https:\/\/www.diviandream.cz\/wp-json\/wp\/v2\/comments?post=1467"}],"version-history":[{"count":3,"href":"https:\/\/www.diviandream.cz\/wp-json\/wp\/v2\/pages\/1467\/revisions"}],"predecessor-version":[{"id":1472,"href":"https:\/\/www.diviandream.cz\/wp-json\/wp\/v2\/pages\/1467\/revisions\/1472"}],"wp:attachment":[{"href":"https:\/\/www.diviandream.cz\/wp-json\/wp\/v2\/media?parent=1467"}],"curies":[{"name":"wp","href":"https:\/\/api.w.org\/{rel}","templated":true}]}}