{"id":229,"date":"2014-04-23T10:55:32","date_gmt":"2014-04-23T09:55:32","guid":{"rendered":"http:\/\/www.diviandream.cz\/?page_id=229"},"modified":"2022-02-15T21:15:15","modified_gmt":"2022-02-15T20:15:15","slug":"main-page","status":"publish","type":"page","link":"https:\/\/www.diviandream.cz\/","title":{"rendered":"Main page \/ luxury beds"},"content":{"rendered":"<div class=\"links\">\r\n<div>\r\n<p><a href=\"https:\/\/www.diviandream.cz\/en\/silver-dream\/\"><img loading=\"lazy\" decoding=\"async\" class=\"alignleft\" title=\"Luxury beds Silver Dream\" src=\"https:\/\/www.diviandream.cz\/wp-content\/uploads\/2014\/04\/link1_b.jpg\" alt=\"Luxury beds Silver Dream\" width=\"324\" height=\"221\" \/><\/a><a href=\"https:\/\/www.diviandream.cz\/en\/silver-dream\/\"><img loading=\"lazy\" decoding=\"async\" class=\"alignleft\" title=\"Luxury beds Silver Dream\" src=\"https:\/\/www.diviandream.cz\/wp-content\/uploads\/2014\/04\/link1_c.jpg\" alt=\"Luxury beds Silver Dream\" width=\"326\" height=\"222\" \/><\/a><a href=\"https:\/\/www.diviandream.cz\/en\/golden-dream\/\"><img loading=\"lazy\" decoding=\"async\" title=\"Luxury beds Golden Dream\" src=\"https:\/\/www.diviandream.cz\/wp-content\/uploads\/2014\/04\/link2_b.jpg\" alt=\"Luxury beds Golden Dream\" width=\"325\" height=\"222\" \/><\/a><a href=\"https:\/\/www.diviandream.cz\/en\/golden-dream\/\"><img loading=\"lazy\" decoding=\"async\" class=\"alignleft\" title=\"Luxury beds Golden Dream\" src=\"https:\/\/www.diviandream.cz\/wp-content\/uploads\/2014\/04\/link2_c.jpg\" alt=\"Luxury beds Golden Dream\" width=\"320\" height=\"218\" \/><\/a><\/p>\r\n<div style=\"text-align: right;\">\u00a0<\/div>\r\n<\/div>\r\n<div style=\"padding-left: 40px;\">\r\n<h1 style=\"text-align: right;\">\u00a0<\/h1>\r\n<\/div>\r\n<\/div>\r\n<h1 style=\"text-align: center;\"><strong>Luxury beds<\/strong><\/h1>\r\n<div class=\"vladimir\" style=\"text-align: center; font-size: 3em; line-height: 115{78797bb8e402186875a56cdc5c2c3c749e7b2b8bb0060f9af883bf85bbe9965f}; color: #c5a500;\">\r\n<p>We are one third of Your life\u2026<\/p>\r\n<\/div>\r\n<div>\u00a0<\/div>\r\n<div class=\"links\">\r\n<div class=\"link-L\">\r\n<div class=\"link-1\" style=\"text-align: right;\">\u00a0<\/div>\r\n<\/div>\r\n<\/div>\r\n<p style=\"text-align: left;\"><a href=\"https:\/\/www.diviandream.cz\/en\/silver-dream\/\"><img loading=\"lazy\" decoding=\"async\" class=\"alignleft\" style=\"color: #0000ee;\" title=\"Luxury beds Pure Natural Materials\" src=\"https:\/\/www.diviandream.cz\/wp-content\/uploads\/2014\/04\/link3_b.jpg\" alt=\"Luxury beds Pure Natural Materials\" width=\"291\" height=\"198\" \/><\/a><a href=\"https:\/\/www.diviandream.cz\/en\/platinum-dream\/\"><img loading=\"lazy\" decoding=\"async\" class=\"alignleft\" title=\"Luxury beds Platinum Dream\" src=\"https:\/\/www.diviandream.cz\/wp-content\/uploads\/2014\/04\/link4_c.jpg\" alt=\"Luxury beds Platinum Dream\" width=\"290\" height=\"198\" \/><\/a><a href=\"https:\/\/www.diviandream.cz\/en\/platinum-dream\/\"><img loading=\"lazy\" decoding=\"async\" class=\"alignleft\" title=\"Luxury beds Platinum Dream\" src=\"https:\/\/www.diviandream.cz\/wp-content\/uploads\/2014\/04\/link4_b.jpg\" alt=\"Luxury beds Platinum Dream\" width=\"291\" height=\"198\" \/><\/a><\/p>\r\n<p style=\"text-align: left;\">\u00a0<\/p>\r\n<p style=\"text-align: left;\">\u00a0<\/p>\r\n<p style=\"text-align: left;\"><a style=\"text-align: justify;\" href=\"https:\/\/www.diviandream.cz\/en\/natural-materials\/\"><img loading=\"lazy\" decoding=\"async\" class=\"alignleft\" title=\"Luxury beds Pure Natural Materials\" src=\"https:\/\/www.diviandream.cz\/wp-content\/uploads\/2014\/04\/link3_c.jpg\" alt=\"Luxury beds Pure Natural Materials\" width=\"261\" height=\"178\" \/><\/a><\/p>\r\n<p style=\"text-align: left;\">\u00a0<\/p>\r\n<p style=\"text-align: left;\">\u00a0<\/p>\r\n<p style=\"text-align: left;\">\u00a0<\/p>\r\n<p>&nbsp;<\/p>\r\n<p>&nbsp;<\/p>\r\n<h1 style=\"text-align: center;\">\u00a0 \u00a0 \u00a0 \u00a0<\/h1>\r\n<h1 style=\"text-align: center;\"><strong>Luxury beds &#8211; <\/strong>Czech bed manufacturer<\/h1>\r\n<p>The name of our company is a word-play using the words \u2018divine\u2019 and \u2018divan\u2019 expressing our full commitment to make your dreaming in our beds a\u00a0unique and out-of-this-world experience. By choosing one of our beds you are entering the realm of divine dreaming thanks to the nurturing comfort of high-quality natural materials, careful hand-crafting and original design of our products all combined to bring you calm and undisturbed rest.<\/p>\r\n<p>Our team of enthusiastic professionals is always ready to provide you with full support when it comes to beds, bedding textiles and other accessories. Our sales personnel have gone through training programs with major bed producers and they all have extensive knowledge of our product lines. Besides our own products under the\u00a0Divian Dream\u00a0brand we are also exclusive distributor of luxury beds made by\u00a0<a href=\"http:\/\/www.auping.com\/\">Dutch company Auping<\/a>.<\/p>\r\n<p>The success of our luxury beds is based combining time-tested traditional principles, the finest natural materials\u00a0and modern technologies. Our beds work on the same principle as those that our ancestors slept in many\u00a0decades ago. They are based on a spring system with all its advantages for a healthy and quality sleep. Just\u00a0as in the past, we too believe in the positive influence of purely natural materials on our health and the\u00a0quality of our sleep. The use of modern technologies, however, is essential in achieving true perfection.<\/p>\r\n\r\n<div class=\"wp-block-group\"><div class=\"wp-block-group__inner-container is-layout-flow wp-block-group-is-layout-flow\"><ul class=\"wp-block-categories-list wp-block-categories\">\t<li class=\"cat-item cat-item-1\"><a href=\"https:\/\/www.diviandream.cz\/en\/category\/nezarazene\/\">Neza\u0159azen\u00e9<\/a>\n<\/li>\n<\/ul><\/div><\/div>\r\n","protected":false},"excerpt":{"rendered":"<p>\u00a0 \u00a0 Luxury beds We are one third of Your life\u2026 \u00a0 \u00a0 \u00a0 \u00a0 \u00a0 \u00a0 \u00a0 &nbsp; &nbsp; \u00a0 \u00a0 \u00a0 \u00a0 Luxury beds &#8211; Czech bed manufacturer The name of our company is a word-play using the words \u2018divine\u2019 and \u2018divan\u2019 expressing our full commitment to make your dreaming in our beds [&hellip;]<\/p>\n","protected":false},"author":1,"featured_media":0,"parent":0,"menu_order":0,"comment_status":"closed","ping_status":"closed","template":"templates\/template-full-notitle.php","meta":{"_locale":"en_US","_original_post":"72","footnotes":""},"class_list":["post-229","page","type-page","status-publish","hentry","en-US","post"],"yoast_head":"<!-- This site is optimized with the Yoast SEO plugin v20.4 - https:\/\/yoast.com\/wordpress\/plugins\/seo\/ -->\n<title>Luxury beds - Exclusive czech luxury beds Divian Dreams<\/title>\n<meta name=\"description\" content=\"The success of our luxury beds is based combining time-tested traditional principles, the finest natural materials. Our luxury beds works.\" \/>\n<meta name=\"robots\" content=\"index, follow, max-snippet:-1, max-image-preview:large, max-video-preview:-1\" \/>\n<link rel=\"canonical\" href=\"https:\/\/www.diviandream.cz\/en\/\" \/>\n<meta property=\"og:locale\" content=\"en_US\" \/>\n<meta property=\"og:type\" content=\"article\" \/>\n<meta property=\"og:title\" content=\"Luxury beds - Exclusive czech luxury beds Divian Dreams\" \/>\n<meta property=\"og:description\" content=\"The success of our luxury beds is based combining time-tested traditional principles, the finest natural materials. Our luxury beds works.\" \/>\n<meta property=\"og:url\" content=\"https:\/\/www.diviandream.cz\/en\/\" \/>\n<meta property=\"og:site_name\" content=\"Luxusn\u00ed postele Divian Dream - Prodejce postel\u00ed Praha\" \/>\n<meta property=\"article:modified_time\" content=\"2022-02-15T20:15:15+00:00\" \/>\n<meta property=\"og:image\" content=\"http:\/\/www.diviandream.cz\/wp-content\/uploads\/2014\/04\/link1_b.jpg\" \/>\n<meta name=\"twitter:label1\" content=\"Est. reading time\" \/>\n\t<meta name=\"twitter:data1\" content=\"3 minutes\" \/>\n<script type=\"application\/ld+json\" class=\"yoast-schema-graph\">{\"@context\":\"https:\/\/schema.org\",\"@graph\":[{\"@type\":\"WebPage\",\"@id\":\"https:\/\/www.diviandream.cz\/en\/\",\"url\":\"https:\/\/www.diviandream.cz\/en\/\",\"name\":\"Luxury beds - Exclusive czech luxury beds Divian Dreams\",\"isPartOf\":{\"@id\":\"https:\/\/www.diviandream.cz\/#website\"},\"datePublished\":\"2014-04-23T09:55:32+00:00\",\"dateModified\":\"2022-02-15T20:15:15+00:00\",\"description\":\"The success of our luxury beds is based combining time-tested traditional principles, the finest natural materials. Our luxury beds works.\",\"breadcrumb\":{\"@id\":\"https:\/\/www.diviandream.cz\/en\/#breadcrumb\"},\"inLanguage\":\"en-US\",\"potentialAction\":[{\"@type\":\"ReadAction\",\"target\":[\"https:\/\/www.diviandream.cz\/en\/\"]}]},{\"@type\":\"BreadcrumbList\",\"@id\":\"https:\/\/www.diviandream.cz\/en\/#breadcrumb\",\"itemListElement\":[{\"@type\":\"ListItem\",\"position\":1,\"name\":\"Dom\u016f\",\"item\":\"https:\/\/www.diviandream.cz\/en\/\"},{\"@type\":\"ListItem\",\"position\":2,\"name\":\"Main page \/ luxury beds\"}]},{\"@type\":\"WebSite\",\"@id\":\"https:\/\/www.diviandream.cz\/#website\",\"url\":\"https:\/\/www.diviandream.cz\/\",\"name\":\"Luxusn\u00ed postele Divian Dream - Prodejce postel\u00ed Praha\",\"description\":\"Prodej luxusn\u00edch postel\u00ed. \u00dasp\u011bch na\u0161ich postel\u00ed spo\u010d\u00edv\u00e1 ve sklouben\u00ed tradi\u010dn\u00edch princip\u016f s \u010dist\u011b p\u0159\u00edrodn\u00edmi materi\u00e1ly a modern\u00edmi technologiemi. Z\u00e1kladem luxusn\u00edch postel\u00ed jsou roky prov\u011b\u0159en\u00e9 pru\u017einov\u00e9 syst\u00e9my se v\u0161emi jejich v\u00fdhodami pro zdrav\u00fd a kvalitn\u00ed sp\u00e1nek.\",\"potentialAction\":[{\"@type\":\"SearchAction\",\"target\":{\"@type\":\"EntryPoint\",\"urlTemplate\":\"https:\/\/www.diviandream.cz\/?s={search_term_string}\"},\"query-input\":\"required name=search_term_string\"}],\"inLanguage\":\"en-US\"}]}<\/script>\n<!-- \/ Yoast SEO plugin. -->","yoast_head_json":{"title":"Luxury beds - Exclusive czech luxury beds Divian Dreams","description":"The success of our luxury beds is based combining time-tested traditional principles, the finest natural materials. Our luxury beds works.","robots":{"index":"index","follow":"follow","max-snippet":"max-snippet:-1","max-image-preview":"max-image-preview:large","max-video-preview":"max-video-preview:-1"},"canonical":"https:\/\/www.diviandream.cz\/en\/","og_locale":"en_US","og_type":"article","og_title":"Luxury beds - Exclusive czech luxury beds Divian Dreams","og_description":"The success of our luxury beds is based combining time-tested traditional principles, the finest natural materials. Our luxury beds works.","og_url":"https:\/\/www.diviandream.cz\/en\/","og_site_name":"Luxusn\u00ed postele Divian Dream - Prodejce postel\u00ed Praha","article_modified_time":"2022-02-15T20:15:15+00:00","og_image":[{"url":"http:\/\/www.diviandream.cz\/wp-content\/uploads\/2014\/04\/link1_b.jpg"}],"twitter_misc":{"Est. reading time":"3 minutes"},"schema":{"@context":"https:\/\/schema.org","@graph":[{"@type":"WebPage","@id":"https:\/\/www.diviandream.cz\/en\/","url":"https:\/\/www.diviandream.cz\/en\/","name":"Luxury beds - Exclusive czech luxury beds Divian Dreams","isPartOf":{"@id":"https:\/\/www.diviandream.cz\/#website"},"datePublished":"2014-04-23T09:55:32+00:00","dateModified":"2022-02-15T20:15:15+00:00","description":"The success of our luxury beds is based combining time-tested traditional principles, the finest natural materials. Our luxury beds works.","breadcrumb":{"@id":"https:\/\/www.diviandream.cz\/en\/#breadcrumb"},"inLanguage":"en-US","potentialAction":[{"@type":"ReadAction","target":["https:\/\/www.diviandream.cz\/en\/"]}]},{"@type":"BreadcrumbList","@id":"https:\/\/www.diviandream.cz\/en\/#breadcrumb","itemListElement":[{"@type":"ListItem","position":1,"name":"Dom\u016f","item":"https:\/\/www.diviandream.cz\/en\/"},{"@type":"ListItem","position":2,"name":"Main page \/ luxury beds"}]},{"@type":"WebSite","@id":"https:\/\/www.diviandream.cz\/#website","url":"https:\/\/www.diviandream.cz\/","name":"Luxusn\u00ed postele Divian Dream - Prodejce postel\u00ed Praha","description":"Prodej luxusn\u00edch postel\u00ed. \u00dasp\u011bch na\u0161ich postel\u00ed spo\u010d\u00edv\u00e1 ve sklouben\u00ed tradi\u010dn\u00edch princip\u016f s \u010dist\u011b p\u0159\u00edrodn\u00edmi materi\u00e1ly a modern\u00edmi technologiemi. Z\u00e1kladem luxusn\u00edch postel\u00ed jsou roky prov\u011b\u0159en\u00e9 pru\u017einov\u00e9 syst\u00e9my se v\u0161emi jejich v\u00fdhodami pro zdrav\u00fd a kvalitn\u00ed sp\u00e1nek.","potentialAction":[{"@type":"SearchAction","target":{"@type":"EntryPoint","urlTemplate":"https:\/\/www.diviandream.cz\/?s={search_term_string}"},"query-input":"required name=search_term_string"}],"inLanguage":"en-US"}]}},"_links":{"self":[{"href":"https:\/\/www.diviandream.cz\/wp-json\/wp\/v2\/pages\/229","targetHints":{"allow":["GET"]}}],"collection":[{"href":"https:\/\/www.diviandream.cz\/wp-json\/wp\/v2\/pages"}],"about":[{"href":"https:\/\/www.diviandream.cz\/wp-json\/wp\/v2\/types\/page"}],"author":[{"embeddable":true,"href":"https:\/\/www.diviandream.cz\/wp-json\/wp\/v2\/users\/1"}],"replies":[{"embeddable":true,"href":"https:\/\/www.diviandream.cz\/wp-json\/wp\/v2\/comments?post=229"}],"version-history":[{"count":87,"href":"https:\/\/www.diviandream.cz\/wp-json\/wp\/v2\/pages\/229\/revisions"}],"predecessor-version":[{"id":2148,"href":"https:\/\/www.diviandream.cz\/wp-json\/wp\/v2\/pages\/229\/revisions\/2148"}],"wp:attachment":[{"href":"https:\/\/www.diviandream.cz\/wp-json\/wp\/v2\/media?parent=229"}],"curies":[{"name":"wp","href":"https:\/\/api.w.org\/{rel}","templated":true}]}}