{"id":551,"date":"2014-04-24T09:40:57","date_gmt":"2014-04-24T08:40:57","guid":{"rendered":"http:\/\/www.diviandream.cz\/?page_id=551"},"modified":"2014-05-13T06:57:34","modified_gmt":"2014-05-13T05:57:34","slug":"about-us","status":"publish","type":"page","link":"https:\/\/www.diviandream.cz\/en\/about-us\/","title":{"rendered":"Our commitment"},"content":{"rendered":"<h1 style=\"text-align: center;\">Our commitment<\/h1>\n<hr \/>\n<h2 style=\"text-align: center;\">comfort\u00a0WITHOUT COMPROMISE<\/h2>\n<p>Your body and mind both need high-quality rest. The individual parts of a Divian Dream bed come together to form a functional whole\u00a0in which each components fulfils its own task and only when combined with the use of exclusively natural materials and quality\u00a0craftsmanship is it a guarantee of the perfect rest that you deserve.<\/p>\n<p style=\"text-align: center;\"><img loading=\"lazy\" decoding=\"async\" class=\"size-full wp-image-979 aligncenter\" alt=\"kniha\" src=\"https:\/\/www.diviandream.cz\/wp-content\/uploads\/2014\/04\/kniha.jpg\" width=\"1080\" height=\"430\" srcset=\"https:\/\/www.diviandream.cz\/wp-content\/uploads\/2014\/04\/kniha.jpg 1080w, https:\/\/www.diviandream.cz\/wp-content\/uploads\/2014\/04\/kniha-300x119.jpg 300w, https:\/\/www.diviandream.cz\/wp-content\/uploads\/2014\/04\/kniha-1024x407.jpg 1024w\" sizes=\"auto, (max-width: 1080px) 100vw, 1080px\" \/><\/p>\n<h2 style=\"text-align: center;\">Tradition, Natural Materials and Modern Technologies<\/h2>\n<p>The success of our beds is based combining time-tested traditional principles, the finest natural materials\u00a0and modern technologies. Our beds work on the same principle as those that our ancestors slept in many\u00a0decades ago. They are based on a spring system with all its advantages for a healthy and quality sleep. Just\u00a0as in the past, we too believe in the positive influence of purely natural materials on our health and the\u00a0quality of our sleep. The use of modern technologies, however, is essential in achieving true perfection.<\/p>\n<p>We use pocket springs from non-conductive materials and of variable thickness and winding styles in\u00a0order to create comfort zones in our mattresses. We also work with a patented system for attaching\u00a0and connecting the more than 1000 springs that make up each of the mattresses we make.<\/p>\n<hr \/>\n","protected":false},"excerpt":{"rendered":"<p>Our commitment comfort\u00a0WITHOUT COMPROMISE Your body and mind both need high-quality rest. The individual parts of a Divian Dream bed come together to form a functional whole\u00a0in which each components fulfils its own task and only when combined with the use of exclusively natural materials and quality\u00a0craftsmanship is it a guarantee of the perfect rest [&hellip;]<\/p>\n","protected":false},"author":1,"featured_media":0,"parent":0,"menu_order":0,"comment_status":"closed","ping_status":"closed","template":"templates\/template-full-notitle.php","meta":{"_locale":"en_US","_original_post":"549","footnotes":""},"class_list":["post-551","page","type-page","status-publish","hentry","en-US","post"],"yoast_head":"<!-- This site is optimized with the Yoast SEO plugin v20.4 - https:\/\/yoast.com\/wordpress\/plugins\/seo\/ -->\n<title>Our commitment - Luxusn\u00ed postele Divian Dream - Prodejce postel\u00ed Praha<\/title>\n<meta name=\"robots\" content=\"index, follow, max-snippet:-1, max-image-preview:large, max-video-preview:-1\" \/>\n<link rel=\"canonical\" href=\"https:\/\/www.diviandream.cz\/en\/about-us\/\" \/>\n<meta property=\"og:locale\" content=\"en_US\" \/>\n<meta property=\"og:type\" content=\"article\" \/>\n<meta property=\"og:title\" content=\"Our commitment - Luxusn\u00ed postele Divian Dream - Prodejce postel\u00ed Praha\" \/>\n<meta property=\"og:description\" content=\"Our commitment comfort\u00a0WITHOUT COMPROMISE Your body and mind both need high-quality rest. The individual parts of a Divian Dream bed come together to form a functional whole\u00a0in which each components fulfils its own task and only when combined with the use of exclusively natural materials and quality\u00a0craftsmanship is it a guarantee of the perfect rest [&hellip;]\" \/>\n<meta property=\"og:url\" content=\"https:\/\/www.diviandream.cz\/en\/about-us\/\" \/>\n<meta property=\"og:site_name\" content=\"Luxusn\u00ed postele Divian Dream - Prodejce postel\u00ed Praha\" \/>\n<meta property=\"article:modified_time\" content=\"2014-05-13T05:57:34+00:00\" \/>\n<meta property=\"og:image\" content=\"http:\/\/www.diviandream.cz\/wp-content\/uploads\/2014\/04\/kniha.jpg\" \/>\n<meta name=\"twitter:label1\" content=\"Est. reading time\" \/>\n\t<meta name=\"twitter:data1\" content=\"1 minute\" \/>\n<script type=\"application\/ld+json\" class=\"yoast-schema-graph\">{\"@context\":\"https:\/\/schema.org\",\"@graph\":[{\"@type\":\"WebPage\",\"@id\":\"https:\/\/www.diviandream.cz\/en\/about-us\/\",\"url\":\"https:\/\/www.diviandream.cz\/en\/about-us\/\",\"name\":\"Our commitment - Luxusn\u00ed postele Divian Dream - Prodejce postel\u00ed Praha\",\"isPartOf\":{\"@id\":\"https:\/\/www.diviandream.cz\/#website\"},\"datePublished\":\"2014-04-24T08:40:57+00:00\",\"dateModified\":\"2014-05-13T05:57:34+00:00\",\"breadcrumb\":{\"@id\":\"https:\/\/www.diviandream.cz\/en\/about-us\/#breadcrumb\"},\"inLanguage\":\"en-US\",\"potentialAction\":[{\"@type\":\"ReadAction\",\"target\":[\"https:\/\/www.diviandream.cz\/en\/about-us\/\"]}]},{\"@type\":\"BreadcrumbList\",\"@id\":\"https:\/\/www.diviandream.cz\/en\/about-us\/#breadcrumb\",\"itemListElement\":[{\"@type\":\"ListItem\",\"position\":1,\"name\":\"Dom\u016f\",\"item\":\"https:\/\/www.diviandream.cz\/en\/\"},{\"@type\":\"ListItem\",\"position\":2,\"name\":\"Our commitment\"}]},{\"@type\":\"WebSite\",\"@id\":\"https:\/\/www.diviandream.cz\/#website\",\"url\":\"https:\/\/www.diviandream.cz\/\",\"name\":\"Luxusn\u00ed postele Divian Dream - Prodejce postel\u00ed Praha\",\"description\":\"Prodej luxusn\u00edch postel\u00ed. \u00dasp\u011bch na\u0161ich postel\u00ed spo\u010d\u00edv\u00e1 ve sklouben\u00ed tradi\u010dn\u00edch princip\u016f s \u010dist\u011b p\u0159\u00edrodn\u00edmi materi\u00e1ly a modern\u00edmi technologiemi. Z\u00e1kladem luxusn\u00edch postel\u00ed jsou roky prov\u011b\u0159en\u00e9 pru\u017einov\u00e9 syst\u00e9my se v\u0161emi jejich v\u00fdhodami pro zdrav\u00fd a kvalitn\u00ed sp\u00e1nek.\",\"potentialAction\":[{\"@type\":\"SearchAction\",\"target\":{\"@type\":\"EntryPoint\",\"urlTemplate\":\"https:\/\/www.diviandream.cz\/?s={search_term_string}\"},\"query-input\":\"required name=search_term_string\"}],\"inLanguage\":\"en-US\"}]}<\/script>\n<!-- \/ Yoast SEO plugin. -->","yoast_head_json":{"title":"Our commitment - Luxusn\u00ed postele Divian Dream - Prodejce postel\u00ed Praha","robots":{"index":"index","follow":"follow","max-snippet":"max-snippet:-1","max-image-preview":"max-image-preview:large","max-video-preview":"max-video-preview:-1"},"canonical":"https:\/\/www.diviandream.cz\/en\/about-us\/","og_locale":"en_US","og_type":"article","og_title":"Our commitment - Luxusn\u00ed postele Divian Dream - Prodejce postel\u00ed Praha","og_description":"Our commitment comfort\u00a0WITHOUT COMPROMISE Your body and mind both need high-quality rest. The individual parts of a Divian Dream bed come together to form a functional whole\u00a0in which each components fulfils its own task and only when combined with the use of exclusively natural materials and quality\u00a0craftsmanship is it a guarantee of the perfect rest [&hellip;]","og_url":"https:\/\/www.diviandream.cz\/en\/about-us\/","og_site_name":"Luxusn\u00ed postele Divian Dream - Prodejce postel\u00ed Praha","article_modified_time":"2014-05-13T05:57:34+00:00","og_image":[{"url":"http:\/\/www.diviandream.cz\/wp-content\/uploads\/2014\/04\/kniha.jpg"}],"twitter_misc":{"Est. reading time":"1 minute"},"schema":{"@context":"https:\/\/schema.org","@graph":[{"@type":"WebPage","@id":"https:\/\/www.diviandream.cz\/en\/about-us\/","url":"https:\/\/www.diviandream.cz\/en\/about-us\/","name":"Our commitment - Luxusn\u00ed postele Divian Dream - Prodejce postel\u00ed Praha","isPartOf":{"@id":"https:\/\/www.diviandream.cz\/#website"},"datePublished":"2014-04-24T08:40:57+00:00","dateModified":"2014-05-13T05:57:34+00:00","breadcrumb":{"@id":"https:\/\/www.diviandream.cz\/en\/about-us\/#breadcrumb"},"inLanguage":"en-US","potentialAction":[{"@type":"ReadAction","target":["https:\/\/www.diviandream.cz\/en\/about-us\/"]}]},{"@type":"BreadcrumbList","@id":"https:\/\/www.diviandream.cz\/en\/about-us\/#breadcrumb","itemListElement":[{"@type":"ListItem","position":1,"name":"Dom\u016f","item":"https:\/\/www.diviandream.cz\/en\/"},{"@type":"ListItem","position":2,"name":"Our commitment"}]},{"@type":"WebSite","@id":"https:\/\/www.diviandream.cz\/#website","url":"https:\/\/www.diviandream.cz\/","name":"Luxusn\u00ed postele Divian Dream - Prodejce postel\u00ed Praha","description":"Prodej luxusn\u00edch postel\u00ed. \u00dasp\u011bch na\u0161ich postel\u00ed spo\u010d\u00edv\u00e1 ve sklouben\u00ed tradi\u010dn\u00edch princip\u016f s \u010dist\u011b p\u0159\u00edrodn\u00edmi materi\u00e1ly a modern\u00edmi technologiemi. Z\u00e1kladem luxusn\u00edch postel\u00ed jsou roky prov\u011b\u0159en\u00e9 pru\u017einov\u00e9 syst\u00e9my se v\u0161emi jejich v\u00fdhodami pro zdrav\u00fd a kvalitn\u00ed sp\u00e1nek.","potentialAction":[{"@type":"SearchAction","target":{"@type":"EntryPoint","urlTemplate":"https:\/\/www.diviandream.cz\/?s={search_term_string}"},"query-input":"required name=search_term_string"}],"inLanguage":"en-US"}]}},"_links":{"self":[{"href":"https:\/\/www.diviandream.cz\/wp-json\/wp\/v2\/pages\/551","targetHints":{"allow":["GET"]}}],"collection":[{"href":"https:\/\/www.diviandream.cz\/wp-json\/wp\/v2\/pages"}],"about":[{"href":"https:\/\/www.diviandream.cz\/wp-json\/wp\/v2\/types\/page"}],"author":[{"embeddable":true,"href":"https:\/\/www.diviandream.cz\/wp-json\/wp\/v2\/users\/1"}],"replies":[{"embeddable":true,"href":"https:\/\/www.diviandream.cz\/wp-json\/wp\/v2\/comments?post=551"}],"version-history":[{"count":6,"href":"https:\/\/www.diviandream.cz\/wp-json\/wp\/v2\/pages\/551\/revisions"}],"predecessor-version":[{"id":981,"href":"https:\/\/www.diviandream.cz\/wp-json\/wp\/v2\/pages\/551\/revisions\/981"}],"wp:attachment":[{"href":"https:\/\/www.diviandream.cz\/wp-json\/wp\/v2\/media?parent=551"}],"curies":[{"name":"wp","href":"https:\/\/api.w.org\/{rel}","templated":true}]}}