{"id":573,"date":"2014-04-24T14:07:49","date_gmt":"2014-04-24T13:07:49","guid":{"rendered":"http:\/\/www.diviandream.cz\/?page_id=573"},"modified":"2014-06-01T09:58:31","modified_gmt":"2014-06-01T08:58:31","slug":"natural-materials","status":"publish","type":"page","link":"https:\/\/www.diviandream.cz\/en\/natural-materials\/","title":{"rendered":"Natural Materials"},"content":{"rendered":"<div id=\"pl-573\"  class=\"panel-layout\" ><div id=\"pg-573-0\"  class=\"panel-grid panel-no-style\" ><div id=\"pgc-573-0-0\"  class=\"panel-grid-cell\" ><div id=\"panel-573-0-0-0\" class=\"so-panel widget widget_siteorigin-panels-image panel-first-child panel-last-child\" data-index=\"0\" ><a href=\"http:\/\/www.diviandream.cz\/wp-content\/uploads\/2014\/04\/natural.jpg\"><img decoding=\"async\" src=\"http:\/\/www.diviandream.cz\/wp-content\/uploads\/2014\/04\/natural.jpg\" \/><\/a><\/div><\/div><\/div><div id=\"pg-573-1\"  class=\"panel-grid panel-no-style\" ><div id=\"pgc-573-1-0\"  class=\"panel-grid-cell\" ><div id=\"panel-573-1-0-0\" class=\"so-panel widget widget_black-studio-tinymce widget_black_studio_tinymce panel-first-child panel-last-child\" data-index=\"1\" ><div class=\"textwidget\"><h2 style=\"text-align: center;\"><br \/>Pure natural materials only<\/h2>\n<hr \/>\n<h3 style=\"text-align: center;\">Horsehair<\/h3>\n<p>A traditional material that has been used in the production of textiles ever since the 9th century. This material is one of the core elements of high-quality mattresses and mattress toppers because it possesses several unique characteristics. One of the biggest problems of mass-produced mattresses is the condensation of moisture. Each of us produces an average of almost 2 dcl of sweat while sleeping without even knowing, and this is all collected inside such mass-produced mattresses. Horsehair effectively dispels moisture and prevents its condensation within our mattresses. At the same time it is also used to set the desired firmness of the mattress depending on the way it is distributed inside the mattress.<\/p>\n<h3 style=\"text-align: center;\">Cashmere (Cashmere Wool)<\/h3>\n<p>\u00a0<\/p>\n<p>Cashmere wool came to Europe at the beginning of the 19th century and, in spite of its steep price which can reach over ten times the price of regular sheep's wool, became an essential element in the production of luxury textiles. Cashmere wool has one of the finest fibre structures, while also being extremely light and warm. The cashmere used in Divian Dream mattresses and toppers comes exclusively from the hand-combed undercoat of Cashmere and Tibetan goats and ranks among the finest in the world.<\/p>\n<p>\u00a0<\/p>\n<h3 style=\"text-align: center;\">Damask<\/h3>\n<p>Damask is a single-color fabric with a fine woven pattern. It got its name from the Syrian city of Damascus, where it was produced during the middle ages. Today's production usually uses a cheap version of damask fabric using synthetic fibres, but in Divan Dream's beds you will find only the finest Belgian damask that is produced exclusively to order for our company from high-quality natural fibre.<\/p>\n<div><hr \/>\n<p>\u00a0<\/p>\n<\/div><\/div><\/div><\/div><\/div><\/div>","protected":false},"excerpt":{"rendered":"<p>Pure natural materials only Horsehair A traditional material that has been used in the production of textiles ever since the 9th century. This material is one of the core elements of high-quality mattresses and mattress toppers because it possesses several unique characteristics. One of the biggest problems of mass-produced mattresses is the condensation of moisture. [&hellip;]<\/p>\n","protected":false},"author":1,"featured_media":0,"parent":0,"menu_order":0,"comment_status":"closed","ping_status":"closed","template":"templates\/template-full-notitle.php","meta":{"_locale":"en_US","_original_post":"571","footnotes":""},"class_list":["post-573","page","type-page","status-publish","hentry","en-US","post"],"yoast_head":"<!-- This site is optimized with the Yoast SEO plugin v20.4 - https:\/\/yoast.com\/wordpress\/plugins\/seo\/ -->\n<title>Natural Materials - Luxusn\u00ed postele Divian Dream - Prodejce postel\u00ed Praha<\/title>\n<meta name=\"robots\" content=\"index, follow, max-snippet:-1, max-image-preview:large, max-video-preview:-1\" \/>\n<link rel=\"canonical\" href=\"https:\/\/www.diviandream.cz\/natural-materials\/\" \/>\n<meta property=\"og:locale\" content=\"en_US\" \/>\n<meta property=\"og:type\" content=\"article\" \/>\n<meta property=\"og:title\" content=\"Natural Materials - Luxusn\u00ed postele Divian Dream - Prodejce postel\u00ed Praha\" \/>\n<meta property=\"og:description\" content=\"Pure natural materials only Horsehair A traditional material that has been used in the production of textiles ever since the 9th century. This material is one of the core elements of high-quality mattresses and mattress toppers because it possesses several unique characteristics. One of the biggest problems of mass-produced mattresses is the condensation of moisture. [&hellip;]\" \/>\n<meta property=\"og:url\" content=\"https:\/\/www.diviandream.cz\/natural-materials\/\" \/>\n<meta property=\"og:site_name\" content=\"Luxusn\u00ed postele Divian Dream - Prodejce postel\u00ed Praha\" \/>\n<meta property=\"article:modified_time\" content=\"2014-06-01T08:58:31+00:00\" \/>\n<meta property=\"og:image\" content=\"http:\/\/www.diviandream.cz\/wp-content\/uploads\/2014\/04\/kun2.jpg\" \/>\n<meta name=\"twitter:label1\" content=\"Est. reading time\" \/>\n\t<meta name=\"twitter:data1\" content=\"4 minutes\" \/>\n<script type=\"application\/ld+json\" class=\"yoast-schema-graph\">{\"@context\":\"https:\/\/schema.org\",\"@graph\":[{\"@type\":\"WebPage\",\"@id\":\"https:\/\/www.diviandream.cz\/natural-materials\/\",\"url\":\"https:\/\/www.diviandream.cz\/natural-materials\/\",\"name\":\"Natural Materials - Luxusn\u00ed postele Divian Dream - Prodejce postel\u00ed Praha\",\"isPartOf\":{\"@id\":\"https:\/\/www.diviandream.cz\/#website\"},\"datePublished\":\"2014-04-24T13:07:49+00:00\",\"dateModified\":\"2014-06-01T08:58:31+00:00\",\"breadcrumb\":{\"@id\":\"https:\/\/www.diviandream.cz\/natural-materials\/#breadcrumb\"},\"inLanguage\":\"en-US\",\"potentialAction\":[{\"@type\":\"ReadAction\",\"target\":[\"https:\/\/www.diviandream.cz\/natural-materials\/\"]}]},{\"@type\":\"BreadcrumbList\",\"@id\":\"https:\/\/www.diviandream.cz\/natural-materials\/#breadcrumb\",\"itemListElement\":[{\"@type\":\"ListItem\",\"position\":1,\"name\":\"Dom\u016f\",\"item\":\"https:\/\/www.diviandream.cz\/en\/\"},{\"@type\":\"ListItem\",\"position\":2,\"name\":\"Natural Materials\"}]},{\"@type\":\"WebSite\",\"@id\":\"https:\/\/www.diviandream.cz\/#website\",\"url\":\"https:\/\/www.diviandream.cz\/\",\"name\":\"Luxusn\u00ed postele Divian Dream - Prodejce postel\u00ed Praha\",\"description\":\"Prodej luxusn\u00edch postel\u00ed. \u00dasp\u011bch na\u0161ich postel\u00ed spo\u010d\u00edv\u00e1 ve sklouben\u00ed tradi\u010dn\u00edch princip\u016f s \u010dist\u011b p\u0159\u00edrodn\u00edmi materi\u00e1ly a modern\u00edmi technologiemi. Z\u00e1kladem luxusn\u00edch postel\u00ed jsou roky prov\u011b\u0159en\u00e9 pru\u017einov\u00e9 syst\u00e9my se v\u0161emi jejich v\u00fdhodami pro zdrav\u00fd a kvalitn\u00ed sp\u00e1nek.\",\"potentialAction\":[{\"@type\":\"SearchAction\",\"target\":{\"@type\":\"EntryPoint\",\"urlTemplate\":\"https:\/\/www.diviandream.cz\/?s={search_term_string}\"},\"query-input\":\"required name=search_term_string\"}],\"inLanguage\":\"en-US\"}]}<\/script>\n<!-- \/ Yoast SEO plugin. -->","yoast_head_json":{"title":"Natural Materials - Luxusn\u00ed postele Divian Dream - Prodejce postel\u00ed Praha","robots":{"index":"index","follow":"follow","max-snippet":"max-snippet:-1","max-image-preview":"max-image-preview:large","max-video-preview":"max-video-preview:-1"},"canonical":"https:\/\/www.diviandream.cz\/natural-materials\/","og_locale":"en_US","og_type":"article","og_title":"Natural Materials - Luxusn\u00ed postele Divian Dream - Prodejce postel\u00ed Praha","og_description":"Pure natural materials only Horsehair A traditional material that has been used in the production of textiles ever since the 9th century. This material is one of the core elements of high-quality mattresses and mattress toppers because it possesses several unique characteristics. One of the biggest problems of mass-produced mattresses is the condensation of moisture. [&hellip;]","og_url":"https:\/\/www.diviandream.cz\/natural-materials\/","og_site_name":"Luxusn\u00ed postele Divian Dream - Prodejce postel\u00ed Praha","article_modified_time":"2014-06-01T08:58:31+00:00","og_image":[{"url":"http:\/\/www.diviandream.cz\/wp-content\/uploads\/2014\/04\/kun2.jpg"}],"twitter_misc":{"Est. reading time":"4 minutes"},"schema":{"@context":"https:\/\/schema.org","@graph":[{"@type":"WebPage","@id":"https:\/\/www.diviandream.cz\/natural-materials\/","url":"https:\/\/www.diviandream.cz\/natural-materials\/","name":"Natural Materials - Luxusn\u00ed postele Divian Dream - Prodejce postel\u00ed Praha","isPartOf":{"@id":"https:\/\/www.diviandream.cz\/#website"},"datePublished":"2014-04-24T13:07:49+00:00","dateModified":"2014-06-01T08:58:31+00:00","breadcrumb":{"@id":"https:\/\/www.diviandream.cz\/natural-materials\/#breadcrumb"},"inLanguage":"en-US","potentialAction":[{"@type":"ReadAction","target":["https:\/\/www.diviandream.cz\/natural-materials\/"]}]},{"@type":"BreadcrumbList","@id":"https:\/\/www.diviandream.cz\/natural-materials\/#breadcrumb","itemListElement":[{"@type":"ListItem","position":1,"name":"Dom\u016f","item":"https:\/\/www.diviandream.cz\/en\/"},{"@type":"ListItem","position":2,"name":"Natural Materials"}]},{"@type":"WebSite","@id":"https:\/\/www.diviandream.cz\/#website","url":"https:\/\/www.diviandream.cz\/","name":"Luxusn\u00ed postele Divian Dream - Prodejce postel\u00ed Praha","description":"Prodej luxusn\u00edch postel\u00ed. \u00dasp\u011bch na\u0161ich postel\u00ed spo\u010d\u00edv\u00e1 ve sklouben\u00ed tradi\u010dn\u00edch princip\u016f s \u010dist\u011b p\u0159\u00edrodn\u00edmi materi\u00e1ly a modern\u00edmi technologiemi. Z\u00e1kladem luxusn\u00edch postel\u00ed jsou roky prov\u011b\u0159en\u00e9 pru\u017einov\u00e9 syst\u00e9my se v\u0161emi jejich v\u00fdhodami pro zdrav\u00fd a kvalitn\u00ed sp\u00e1nek.","potentialAction":[{"@type":"SearchAction","target":{"@type":"EntryPoint","urlTemplate":"https:\/\/www.diviandream.cz\/?s={search_term_string}"},"query-input":"required name=search_term_string"}],"inLanguage":"en-US"}]}},"_links":{"self":[{"href":"https:\/\/www.diviandream.cz\/wp-json\/wp\/v2\/pages\/573","targetHints":{"allow":["GET"]}}],"collection":[{"href":"https:\/\/www.diviandream.cz\/wp-json\/wp\/v2\/pages"}],"about":[{"href":"https:\/\/www.diviandream.cz\/wp-json\/wp\/v2\/types\/page"}],"author":[{"embeddable":true,"href":"https:\/\/www.diviandream.cz\/wp-json\/wp\/v2\/users\/1"}],"replies":[{"embeddable":true,"href":"https:\/\/www.diviandream.cz\/wp-json\/wp\/v2\/comments?post=573"}],"version-history":[{"count":41,"href":"https:\/\/www.diviandream.cz\/wp-json\/wp\/v2\/pages\/573\/revisions"}],"predecessor-version":[{"id":1263,"href":"https:\/\/www.diviandream.cz\/wp-json\/wp\/v2\/pages\/573\/revisions\/1263"}],"wp:attachment":[{"href":"https:\/\/www.diviandream.cz\/wp-json\/wp\/v2\/media?parent=573"}],"curies":[{"name":"wp","href":"https:\/\/api.w.org\/{rel}","templated":true}]}}