{"id":583,"date":"2014-04-24T14:10:55","date_gmt":"2014-04-24T13:10:55","guid":{"rendered":"http:\/\/www.diviandream.cz\/?page_id=583"},"modified":"2020-04-14T14:20:48","modified_gmt":"2020-04-14T13:20:48","slug":"golden-dream","status":"publish","type":"page","link":"https:\/\/www.diviandream.cz\/en\/golden-dream\/","title":{"rendered":"Golden Dream"},"content":{"rendered":"<p><img loading=\"lazy\" decoding=\"async\" class=\"aligncenter size-full wp-image-1231\" src=\"https:\/\/www.diviandream.cz\/wp-content\/uploads\/2014\/04\/golden2.jpg\" alt=\"golden\" width=\"1010\" height=\"300\" \/><\/p>\n<h1 style=\"text-align: center;\">Golden Dream<\/h1>\n<hr \/>\n<h2 style=\"text-align: center;\">The sleep of kings and queens<\/h2>\n<p>The Golden Dream product line is comprised of 58 cm of natural materials that will go to show you that you, too, can enjoy a royal sleep. Two layers of pocket springs comprising the core of this mattress are surrounded by 19 kilograms of pure horsehair, wool and cotton of premium quality. We provide Golden Dream mattresses in Medium, Firm, Extra Firm variations together with a 6 cm-high topper for a truly royal feeling while sleeping. You can choose from a range of toppers that, just like the mattresses, are made of natural materials of premium quality. The mattresses and toppers are upholstered with a Divian Dream cover made of Belgian damask, which is made exclusively for our company. The box spring bases (divans) of the Golden Dream line are made of solid pine, furnished with LFK springs instead of the regular slats so that, together with a Golden Dream mattress, it makes a functional, mutually coactive whole to bring you royal sleep and dreams. The combined height of the mattress, topper and divan (without legs) is 58 cm.<\/p>\n<div class=\"su-tabs su-tabs-style-default su-tabs-mobile-stack\" data-active=\"1\" data-scroll-offset=\"0\" data-anchor-in-url=\"no\"><div class=\"su-tabs-nav\"><span class=\"\" data-url=\"\" data-target=\"blank\" tabindex=\"0\" role=\"button\">specification<\/span><span class=\"\" data-url=\"\" data-target=\"blank\" tabindex=\"0\" role=\"button\">inquiry form<\/span><\/div><div class=\"su-tabs-panes\"><div class=\"su-tabs-pane su-u-clearfix su-u-trim\" data-title=\"specification\">\n<table style=\"height: 758px;\" width=\"970\" cellspacing=\"0\" cellpadding=\"0\">\n<colgroup>\n<col width=\"30{78797bb8e402186875a56cdc5c2c3c749e7b2b8bb0060f9af883bf85bbe9965f}\" \/>\n<col width=\"70{78797bb8e402186875a56cdc5c2c3c749e7b2b8bb0060f9af883bf85bbe9965f}\" \/><\/colgroup>\n<tbody>\n<tr>\n<td style=\"text-align: center;\" colspan=\"2\" bgcolor=\"#4c4538\" width=\"100{78797bb8e402186875a56cdc5c2c3c749e7b2b8bb0060f9af883bf85bbe9965f}\">mattress<\/td>\n<\/tr>\n<tr>\n<td>Mattress Core:<\/td>\n<td>Double-layer pocket spring core<br \/>\n1848 springs total (180\/200 size)<\/td>\n<\/tr>\n<tr>\n<td>Support Layer:<\/td>\n<td>Pure horsehair<br \/>\n(total of 6kgs)<\/td>\n<\/tr>\n<tr>\n<td>Surface Filling:<\/td>\n<td>100% cotton (5 kg)<\/td>\n<\/tr>\n<tr>\n<td>Mattress Height:<\/td>\n<td>28 cm<\/td>\n<\/tr>\n<tr>\n<td>Hand stitching:<\/td>\n<td>Yes<\/td>\n<\/tr>\n<tr>\n<td style=\"text-align: center;\" colspan=\"2\" bgcolor=\"#4c4538\" width=\"100{78797bb8e402186875a56cdc5c2c3c749e7b2b8bb0060f9af883bf85bbe9965f}\">topper<\/td>\n<\/tr>\n<tr>\n<td>Filling:<\/td>\n<td>Pure horsehair (total of 6kgs)<\/td>\n<\/tr>\n<tr>\n<td>Surface Filling:<\/td>\n<td>100% cotton (5kgs) Wool 34%\u00a0 cotton 66% (8kgs)<\/td>\n<\/tr>\n<tr>\n<td>Topper Height:<\/td>\n<td>6 cm<\/td>\n<\/tr>\n<tr>\n<td>Hand stitching:<\/td>\n<td>Yes<\/td>\n<\/tr>\n<tr>\n<td style=\"text-align: center;\" colspan=\"2\" bgcolor=\"#4c4538\" width=\"100{78797bb8e402186875a56cdc5c2c3c749e7b2b8bb0060f9af883bf85bbe9965f}\">boxspring<\/td>\n<\/tr>\n<tr>\n<td>Frame:<\/td>\n<td>Hard wood<\/td>\n<\/tr>\n<tr>\n<td>Core:<\/td>\n<td>780 LFK springs (for 180\/200 size)<\/td>\n<\/tr>\n<tr>\n<td>Filling:<\/td>\n<td>Comfort cotton blend<\/td>\n<\/tr>\n<tr>\n<td>Boxspring Height:<\/td>\n<td>24 cm<\/td>\n<\/tr>\n<tr>\n<td>Upholstery:<\/td>\n<td>Cover fabric from Divian Dream Collection<\/td>\n<\/tr>\n<tr>\n<td>Legs:<\/td>\n<td>4 choices in wooden legs and 4 choices in metal legs<\/td>\n<\/tr>\n<\/tbody>\n<\/table>\n<\/div>\n<div class=\"su-tabs-pane su-u-clearfix su-u-trim\" data-title=\"inquiry form\"><script>jQuery(document).ready(function(){});<\/script><script type=\"text\/javascript\"> var xyz_cfm_date_format = \"m\/d\/Y\";function xyz_cfm_3_1_check(){var firstErrorId = \"\"; var xyz_cfm_client_error = 0;var xyz_cfm_email_yourEmail_12_1 = jQuery.trim(document.getElementById(\"yourEmail_12_1\").value);\nif(xyz_cfm_email_yourEmail_12_1 != \"\"){\nvar reg = \/^([A-Za-z0-9_\\-\\.])+\\@([A-Za-z0-9_\\-\\.])+\\.([A-Za-z]{2,4})$\/;\nif(reg.test(xyz_cfm_email_yourEmail_12_1) == false) {\ndocument.getElementById(\"email_yourEmail_12_1\").innerHTML = \"Please provide a valid email address\";\nif(firstErrorId ==  \"\"){\nfirstErrorId = \n\"yourEmail_12_1\";\n}\nxyz_cfm_client_error = 1;\n}else{\ndocument.getElementById(\"email_yourEmail_12_1\").innerHTML = \"\";\n}\n}else if(xyz_cfm_email_yourEmail_12_1.trim() == \"\"){\ndocument.getElementById(\"email_yourEmail_12_1\").innerHTML = \"Fill email field\";\nif(firstErrorId ==  \"\"){\nfirstErrorId = \n\"yourEmail_12_1\";\n}\nxyz_cfm_client_error = 1;\n}else{\ndocument.getElementById(\"email_yourEmail_12_1\").innerHTML = \"\";\n}var xyz_cfm_name_subject_13_1 = document.getElementById(\"subject_13_1\").value;\nif(xyz_cfm_name_subject_13_1.trim() == \"\"){\ndocument.getElementById(\"text_subject_13_1\").innerHTML = \"Fill text field\";\nif(firstErrorId ==  \"\"){\nfirstErrorId = \n\"subject_13_1\";\n}\nxyz_cfm_client_error = 1;\n}else{\ndocument.getElementById(\"text_subject_13_1\").innerHTML = \"\";\n}var xyz_cfm_textArea_message_14_1 = document.getElementById(\"message_14_1\").value;\nif(xyz_cfm_textArea_message_14_1.trim() == \"\"){\ndocument.getElementById(\"textarea_message_14_1\").innerHTML = \"Fill textarea field\";\nif(firstErrorId ==  \"\"){\nfirstErrorId = \n\"message_14_1\";\n}\nxyz_cfm_client_error = 1;\n}else{\ndocument.getElementById(\"textarea_message_14_1\").innerHTML = \"\";\n}\nif(xyz_cfm_client_error == 1){\nif(firstErrorId !=  \"\"){\ndocument.getElementById(firstErrorId).focus();\n}\nreturn false;\n}}<\/script>\n<div id=\"xyz_cfm_inquiryform_1_success\" style=\"background: #C8FCBB;  text-align: center;  border-radius: 15px; margin-bottom: 20px;\"><\/div>\n<form name=\"xyz_cfm_3_1\" method=\"POST\" id=\"xyz_cfm_3_1\" enctype=\"multipart\/form-data\" onSubmit=\"return xyz_cfm_3_1_check();\">\n<div class=\"xyz_cfm_theme_div_id_0\"><table style=\"width: 100{78797bb8e402186875a56cdc5c2c3c749e7b2b8bb0060f9af883bf85bbe9965f};\">\n<tbody>\n<tr>\n<td>e-mail<\/td>\n<td>\u00a0<\/td>\n<td><input  class=\"\"  type=\"text\" id=\"yourEmail_12_1\" name=\"yourEmail\"  value=\"\"  ><span style=\"color:red;\">*<\/span><div style=\"font-weight: normal;color:red;\" id=\"email_yourEmail_12_1\"><\/div>\n<\/td>\n<\/tr>\n<tr>\n<td>subject<\/td>\n<td> <\/td>\n<td><input  class=\"\"  type=\"text\" id=\"subject_13_1\" name=\"subject\"  value=\"\"  ><span style=\"color:red;\">*<\/span><div style=\"font-weight: normal;color:red;\" id=\"text_subject_13_1\"><\/div>\n<\/td>\n<\/tr>\n<tr>\n<td>message<\/td>\n<td> <\/td>\n<td><textarea   class=\"textAreaStyle  \"  id=\"message_14_1\" name=\"message\"   rows=\"6\" cols=\"45\"><\/textarea><span style=\"color:red;\">*<\/span><div style=\"font-weight: normal;color:red;\" id=\"textarea_message_14_1\"><\/div>\n<\/td>\n<\/tr>\n<tr>\n<td colspan=\"2\">\u00a0<\/td>\n<td><input class=\"\"  type=\"submit\" name=\"submit\" id=\"submit_15_1\" value=\"Send\"  ><\/td>\n<\/tr>\n<\/tbody>\n<\/table><\/div>\n<input type =\"hidden\" name=\"xyz_cfm_frmName_1\"  value=\"inquiry form\" >\n<\/form><\/div><\/div><\/div>\n<hr style=\"line-height: 1.5em;\" \/>\n","protected":false},"excerpt":{"rendered":"<p>Golden Dream The sleep of kings and queens The Golden Dream product line is comprised of 58 cm of natural materials that will go to show you that you, too, can enjoy a royal sleep. Two layers of pocket springs comprising the core of this mattress are surrounded by 19 kilograms of pure horsehair, wool [&hellip;]<\/p>\n","protected":false},"author":1,"featured_media":0,"parent":0,"menu_order":0,"comment_status":"closed","ping_status":"closed","template":"templates\/template-full-notitle.php","meta":{"_locale":"en_US","_original_post":"581","footnotes":""},"class_list":["post-583","page","type-page","status-publish","hentry","en-US","post"],"yoast_head":"<!-- This site is optimized with the Yoast SEO plugin v20.4 - https:\/\/yoast.com\/wordpress\/plugins\/seo\/ -->\n<title>Golden Dream - Luxusn\u00ed postele Divian Dream - Prodejce postel\u00ed Praha<\/title>\n<meta name=\"robots\" content=\"index, follow, max-snippet:-1, max-image-preview:large, max-video-preview:-1\" \/>\n<link rel=\"canonical\" href=\"https:\/\/www.diviandream.cz\/en\/golden-dream\/\" \/>\n<meta property=\"og:locale\" content=\"en_US\" \/>\n<meta property=\"og:type\" content=\"article\" \/>\n<meta property=\"og:title\" content=\"Golden Dream - Luxusn\u00ed postele Divian Dream - Prodejce postel\u00ed Praha\" \/>\n<meta property=\"og:description\" content=\"Golden Dream The sleep of kings and queens The Golden Dream product line is comprised of 58 cm of natural materials that will go to show you that you, too, can enjoy a royal sleep. Two layers of pocket springs comprising the core of this mattress are surrounded by 19 kilograms of pure horsehair, wool [&hellip;]\" \/>\n<meta property=\"og:url\" content=\"https:\/\/www.diviandream.cz\/en\/golden-dream\/\" \/>\n<meta property=\"og:site_name\" content=\"Luxusn\u00ed postele Divian Dream - Prodejce postel\u00ed Praha\" \/>\n<meta property=\"article:modified_time\" content=\"2020-04-14T13:20:48+00:00\" \/>\n<meta property=\"og:image\" content=\"http:\/\/www.diviandream.cz\/wp-content\/uploads\/2014\/04\/golden2.jpg\" \/>\n<meta name=\"twitter:label1\" content=\"Est. reading time\" \/>\n\t<meta name=\"twitter:data1\" content=\"1 minute\" \/>\n<script type=\"application\/ld+json\" class=\"yoast-schema-graph\">{\"@context\":\"https:\/\/schema.org\",\"@graph\":[{\"@type\":\"WebPage\",\"@id\":\"https:\/\/www.diviandream.cz\/en\/golden-dream\/\",\"url\":\"https:\/\/www.diviandream.cz\/en\/golden-dream\/\",\"name\":\"Golden Dream - Luxusn\u00ed postele Divian Dream - Prodejce postel\u00ed Praha\",\"isPartOf\":{\"@id\":\"https:\/\/www.diviandream.cz\/#website\"},\"datePublished\":\"2014-04-24T13:10:55+00:00\",\"dateModified\":\"2020-04-14T13:20:48+00:00\",\"breadcrumb\":{\"@id\":\"https:\/\/www.diviandream.cz\/en\/golden-dream\/#breadcrumb\"},\"inLanguage\":\"en-US\",\"potentialAction\":[{\"@type\":\"ReadAction\",\"target\":[\"https:\/\/www.diviandream.cz\/en\/golden-dream\/\"]}]},{\"@type\":\"BreadcrumbList\",\"@id\":\"https:\/\/www.diviandream.cz\/en\/golden-dream\/#breadcrumb\",\"itemListElement\":[{\"@type\":\"ListItem\",\"position\":1,\"name\":\"Dom\u016f\",\"item\":\"https:\/\/www.diviandream.cz\/en\/\"},{\"@type\":\"ListItem\",\"position\":2,\"name\":\"Golden Dream\"}]},{\"@type\":\"WebSite\",\"@id\":\"https:\/\/www.diviandream.cz\/#website\",\"url\":\"https:\/\/www.diviandream.cz\/\",\"name\":\"Luxusn\u00ed postele Divian Dream - Prodejce postel\u00ed Praha\",\"description\":\"Prodej luxusn\u00edch postel\u00ed. \u00dasp\u011bch na\u0161ich postel\u00ed spo\u010d\u00edv\u00e1 ve sklouben\u00ed tradi\u010dn\u00edch princip\u016f s \u010dist\u011b p\u0159\u00edrodn\u00edmi materi\u00e1ly a modern\u00edmi technologiemi. Z\u00e1kladem luxusn\u00edch postel\u00ed jsou roky prov\u011b\u0159en\u00e9 pru\u017einov\u00e9 syst\u00e9my se v\u0161emi jejich v\u00fdhodami pro zdrav\u00fd a kvalitn\u00ed sp\u00e1nek.\",\"potentialAction\":[{\"@type\":\"SearchAction\",\"target\":{\"@type\":\"EntryPoint\",\"urlTemplate\":\"https:\/\/www.diviandream.cz\/?s={search_term_string}\"},\"query-input\":\"required name=search_term_string\"}],\"inLanguage\":\"en-US\"}]}<\/script>\n<!-- \/ Yoast SEO plugin. -->","yoast_head_json":{"title":"Golden Dream - Luxusn\u00ed postele Divian Dream - Prodejce postel\u00ed Praha","robots":{"index":"index","follow":"follow","max-snippet":"max-snippet:-1","max-image-preview":"max-image-preview:large","max-video-preview":"max-video-preview:-1"},"canonical":"https:\/\/www.diviandream.cz\/en\/golden-dream\/","og_locale":"en_US","og_type":"article","og_title":"Golden Dream - Luxusn\u00ed postele Divian Dream - Prodejce postel\u00ed Praha","og_description":"Golden Dream The sleep of kings and queens The Golden Dream product line is comprised of 58 cm of natural materials that will go to show you that you, too, can enjoy a royal sleep. Two layers of pocket springs comprising the core of this mattress are surrounded by 19 kilograms of pure horsehair, wool [&hellip;]","og_url":"https:\/\/www.diviandream.cz\/en\/golden-dream\/","og_site_name":"Luxusn\u00ed postele Divian Dream - Prodejce postel\u00ed Praha","article_modified_time":"2020-04-14T13:20:48+00:00","og_image":[{"url":"http:\/\/www.diviandream.cz\/wp-content\/uploads\/2014\/04\/golden2.jpg"}],"twitter_misc":{"Est. reading time":"1 minute"},"schema":{"@context":"https:\/\/schema.org","@graph":[{"@type":"WebPage","@id":"https:\/\/www.diviandream.cz\/en\/golden-dream\/","url":"https:\/\/www.diviandream.cz\/en\/golden-dream\/","name":"Golden Dream - Luxusn\u00ed postele Divian Dream - Prodejce postel\u00ed Praha","isPartOf":{"@id":"https:\/\/www.diviandream.cz\/#website"},"datePublished":"2014-04-24T13:10:55+00:00","dateModified":"2020-04-14T13:20:48+00:00","breadcrumb":{"@id":"https:\/\/www.diviandream.cz\/en\/golden-dream\/#breadcrumb"},"inLanguage":"en-US","potentialAction":[{"@type":"ReadAction","target":["https:\/\/www.diviandream.cz\/en\/golden-dream\/"]}]},{"@type":"BreadcrumbList","@id":"https:\/\/www.diviandream.cz\/en\/golden-dream\/#breadcrumb","itemListElement":[{"@type":"ListItem","position":1,"name":"Dom\u016f","item":"https:\/\/www.diviandream.cz\/en\/"},{"@type":"ListItem","position":2,"name":"Golden Dream"}]},{"@type":"WebSite","@id":"https:\/\/www.diviandream.cz\/#website","url":"https:\/\/www.diviandream.cz\/","name":"Luxusn\u00ed postele Divian Dream - Prodejce postel\u00ed Praha","description":"Prodej luxusn\u00edch postel\u00ed. \u00dasp\u011bch na\u0161ich postel\u00ed spo\u010d\u00edv\u00e1 ve sklouben\u00ed tradi\u010dn\u00edch princip\u016f s \u010dist\u011b p\u0159\u00edrodn\u00edmi materi\u00e1ly a modern\u00edmi technologiemi. Z\u00e1kladem luxusn\u00edch postel\u00ed jsou roky prov\u011b\u0159en\u00e9 pru\u017einov\u00e9 syst\u00e9my se v\u0161emi jejich v\u00fdhodami pro zdrav\u00fd a kvalitn\u00ed sp\u00e1nek.","potentialAction":[{"@type":"SearchAction","target":{"@type":"EntryPoint","urlTemplate":"https:\/\/www.diviandream.cz\/?s={search_term_string}"},"query-input":"required name=search_term_string"}],"inLanguage":"en-US"}]}},"_links":{"self":[{"href":"https:\/\/www.diviandream.cz\/wp-json\/wp\/v2\/pages\/583","targetHints":{"allow":["GET"]}}],"collection":[{"href":"https:\/\/www.diviandream.cz\/wp-json\/wp\/v2\/pages"}],"about":[{"href":"https:\/\/www.diviandream.cz\/wp-json\/wp\/v2\/types\/page"}],"author":[{"embeddable":true,"href":"https:\/\/www.diviandream.cz\/wp-json\/wp\/v2\/users\/1"}],"replies":[{"embeddable":true,"href":"https:\/\/www.diviandream.cz\/wp-json\/wp\/v2\/comments?post=583"}],"version-history":[{"count":19,"href":"https:\/\/www.diviandream.cz\/wp-json\/wp\/v2\/pages\/583\/revisions"}],"predecessor-version":[{"id":2032,"href":"https:\/\/www.diviandream.cz\/wp-json\/wp\/v2\/pages\/583\/revisions\/2032"}],"wp:attachment":[{"href":"https:\/\/www.diviandream.cz\/wp-json\/wp\/v2\/media?parent=583"}],"curies":[{"name":"wp","href":"https:\/\/api.w.org\/{rel}","templated":true}]}}