{"id":912,"date":"2014-05-07T22:49:19","date_gmt":"2014-05-07T21:49:19","guid":{"rendered":"http:\/\/www.diviandream.cz\/?page_id=912"},"modified":"2022-02-16T19:18:11","modified_gmt":"2022-02-16T18:18:11","slug":"divian-dream","status":"publish","type":"page","link":"https:\/\/www.diviandream.cz\/en\/divian-dream\/","title":{"rendered":"Divian Dream"},"content":{"rendered":"<h1 style=\"text-align: center;\">Divian Dream<\/h1>\n<hr \/>\n<p style=\"text-align: left;\">Name of our company is a word-play using the words \u2018divine\u2019 and \u2018divan\u2019 expressing our full commitment to make your dreaming in our beds a unique and out-of-this-world experience. By choosing one of our beds you are entering the realm of divine dreaming thanks to the nurturing comfort of high-quality natural materials, careful hand-crafting and original design of our products all combined to bring you calm and undisturbed rest.<\/p>\n<p>&nbsp;<\/p>\n<p style=\"text-align: left;\">Our team of enthusiastic professionals is always ready to provide you with full support when it comes to beds, bedding textiles and other accessories. Our sales personnel have gone through training programs with major bed producers and they all have extensive knowledge of our product lines.<\/p>\n<p style=\"text-align: left;\">Remember that we all spend one-third of our lives in bed.<\/p>\n<p style=\"text-align: left;\">Divian Dream \u2013 the Art of Sleeping.<\/p>\n<p>&nbsp;<\/p>\n<p><img loading=\"lazy\" decoding=\"async\" class=\"size-medium wp-image-1297 alignleft\" style=\"margin-top: 15px; margin-bottom: 15px; border-top-left-radius: 15px; border-top-right-radius: 15px; border-bottom-right-radius: 15px; border-bottom-left-radius: 15px; box-shadow: #202020 0px 5px 5px;\" src=\"https:\/\/www.diviandream.cz\/wp-content\/uploads\/2014\/05\/showroom-pruhonicka-300x225.jpg\" alt=\"showroom-pruhonicka\" width=\"300\" height=\"225\" srcset=\"https:\/\/www.diviandream.cz\/wp-content\/uploads\/2014\/05\/showroom-pruhonicka-300x225.jpg 300w, https:\/\/www.diviandream.cz\/wp-content\/uploads\/2014\/05\/showroom-pruhonicka.jpg 640w\" sizes=\"auto, (max-width: 300px) 100vw, 300px\" \/><img loading=\"lazy\" decoding=\"async\" class=\"size-medium wp-image-1296 alignleft\" style=\"margin-top: 15px; margin-bottom: 15px; border-top-left-radius: 15px; border-top-right-radius: 15px; border-bottom-right-radius: 15px; border-bottom-left-radius: 15px; box-shadow: #202020 0px 5px 5px;\" src=\"https:\/\/www.diviandream.cz\/wp-content\/uploads\/2014\/05\/showroom-pruhonicka-b-300x225.jpg\" alt=\"showroom-pruhonicka-b\" width=\"300\" height=\"225\" srcset=\"https:\/\/www.diviandream.cz\/wp-content\/uploads\/2014\/05\/showroom-pruhonicka-b-300x225.jpg 300w, https:\/\/www.diviandream.cz\/wp-content\/uploads\/2014\/05\/showroom-pruhonicka-b.jpg 640w\" sizes=\"auto, (max-width: 300px) 100vw, 300px\" \/><\/p>\n<h2><\/h2>\n<hr \/>\n","protected":false},"excerpt":{"rendered":"<p>Divian Dream Name of our company is a word-play using the words \u2018divine\u2019 and \u2018divan\u2019 expressing our full commitment to make your dreaming in our beds a unique and out-of-this-world experience. By choosing one of our beds you are entering the realm of divine dreaming thanks to the nurturing comfort of high-quality natural materials, careful [&hellip;]<\/p>\n","protected":false},"author":2,"featured_media":0,"parent":0,"menu_order":0,"comment_status":"closed","ping_status":"closed","template":"templates\/template-full-notitle.php","meta":{"_locale":"en_US","_original_post":"882","footnotes":""},"class_list":["post-912","page","type-page","status-publish","hentry","en-US","post"],"yoast_head":"<!-- This site is optimized with the Yoast SEO plugin v20.4 - https:\/\/yoast.com\/wordpress\/plugins\/seo\/ -->\n<title>Divian Dream - Luxusn\u00ed postele Divian Dream - Prodejce postel\u00ed Praha<\/title>\n<meta name=\"robots\" content=\"index, follow, max-snippet:-1, max-image-preview:large, max-video-preview:-1\" \/>\n<link rel=\"canonical\" href=\"https:\/\/www.diviandream.cz\/en\/divian-dream\/\" \/>\n<meta property=\"og:locale\" content=\"en_US\" \/>\n<meta property=\"og:type\" content=\"article\" \/>\n<meta property=\"og:title\" content=\"Divian Dream - Luxusn\u00ed postele Divian Dream - Prodejce postel\u00ed Praha\" \/>\n<meta property=\"og:description\" content=\"Divian Dream Name of our company is a word-play using the words \u2018divine\u2019 and \u2018divan\u2019 expressing our full commitment to make your dreaming in our beds a unique and out-of-this-world experience. By choosing one of our beds you are entering the realm of divine dreaming thanks to the nurturing comfort of high-quality natural materials, careful [&hellip;]\" \/>\n<meta property=\"og:url\" content=\"https:\/\/www.diviandream.cz\/en\/divian-dream\/\" \/>\n<meta property=\"og:site_name\" content=\"Luxusn\u00ed postele Divian Dream - Prodejce postel\u00ed Praha\" \/>\n<meta property=\"article:modified_time\" content=\"2022-02-16T18:18:11+00:00\" \/>\n<meta property=\"og:image\" content=\"http:\/\/www.diviandream.cz\/wp-content\/uploads\/2014\/05\/showroom-pruhonicka-300x225.jpg\" \/>\n<meta name=\"twitter:label1\" content=\"Est. reading time\" \/>\n\t<meta name=\"twitter:data1\" content=\"1 minute\" \/>\n<script type=\"application\/ld+json\" class=\"yoast-schema-graph\">{\"@context\":\"https:\/\/schema.org\",\"@graph\":[{\"@type\":\"WebPage\",\"@id\":\"https:\/\/www.diviandream.cz\/en\/divian-dream\/\",\"url\":\"https:\/\/www.diviandream.cz\/en\/divian-dream\/\",\"name\":\"Divian Dream - Luxusn\u00ed postele Divian Dream - Prodejce postel\u00ed Praha\",\"isPartOf\":{\"@id\":\"https:\/\/www.diviandream.cz\/#website\"},\"datePublished\":\"2014-05-07T21:49:19+00:00\",\"dateModified\":\"2022-02-16T18:18:11+00:00\",\"breadcrumb\":{\"@id\":\"https:\/\/www.diviandream.cz\/en\/divian-dream\/#breadcrumb\"},\"inLanguage\":\"en-US\",\"potentialAction\":[{\"@type\":\"ReadAction\",\"target\":[\"https:\/\/www.diviandream.cz\/en\/divian-dream\/\"]}]},{\"@type\":\"BreadcrumbList\",\"@id\":\"https:\/\/www.diviandream.cz\/en\/divian-dream\/#breadcrumb\",\"itemListElement\":[{\"@type\":\"ListItem\",\"position\":1,\"name\":\"Dom\u016f\",\"item\":\"https:\/\/www.diviandream.cz\/en\/\"},{\"@type\":\"ListItem\",\"position\":2,\"name\":\"Divian Dream\"}]},{\"@type\":\"WebSite\",\"@id\":\"https:\/\/www.diviandream.cz\/#website\",\"url\":\"https:\/\/www.diviandream.cz\/\",\"name\":\"Luxusn\u00ed postele Divian Dream - Prodejce postel\u00ed Praha\",\"description\":\"Prodej luxusn\u00edch postel\u00ed. \u00dasp\u011bch na\u0161ich postel\u00ed spo\u010d\u00edv\u00e1 ve sklouben\u00ed tradi\u010dn\u00edch princip\u016f s \u010dist\u011b p\u0159\u00edrodn\u00edmi materi\u00e1ly a modern\u00edmi technologiemi. Z\u00e1kladem luxusn\u00edch postel\u00ed jsou roky prov\u011b\u0159en\u00e9 pru\u017einov\u00e9 syst\u00e9my se v\u0161emi jejich v\u00fdhodami pro zdrav\u00fd a kvalitn\u00ed sp\u00e1nek.\",\"potentialAction\":[{\"@type\":\"SearchAction\",\"target\":{\"@type\":\"EntryPoint\",\"urlTemplate\":\"https:\/\/www.diviandream.cz\/?s={search_term_string}\"},\"query-input\":\"required name=search_term_string\"}],\"inLanguage\":\"en-US\"}]}<\/script>\n<!-- \/ Yoast SEO plugin. -->","yoast_head_json":{"title":"Divian Dream - Luxusn\u00ed postele Divian Dream - Prodejce postel\u00ed Praha","robots":{"index":"index","follow":"follow","max-snippet":"max-snippet:-1","max-image-preview":"max-image-preview:large","max-video-preview":"max-video-preview:-1"},"canonical":"https:\/\/www.diviandream.cz\/en\/divian-dream\/","og_locale":"en_US","og_type":"article","og_title":"Divian Dream - Luxusn\u00ed postele Divian Dream - Prodejce postel\u00ed Praha","og_description":"Divian Dream Name of our company is a word-play using the words \u2018divine\u2019 and \u2018divan\u2019 expressing our full commitment to make your dreaming in our beds a unique and out-of-this-world experience. By choosing one of our beds you are entering the realm of divine dreaming thanks to the nurturing comfort of high-quality natural materials, careful [&hellip;]","og_url":"https:\/\/www.diviandream.cz\/en\/divian-dream\/","og_site_name":"Luxusn\u00ed postele Divian Dream - Prodejce postel\u00ed Praha","article_modified_time":"2022-02-16T18:18:11+00:00","og_image":[{"url":"http:\/\/www.diviandream.cz\/wp-content\/uploads\/2014\/05\/showroom-pruhonicka-300x225.jpg"}],"twitter_misc":{"Est. reading time":"1 minute"},"schema":{"@context":"https:\/\/schema.org","@graph":[{"@type":"WebPage","@id":"https:\/\/www.diviandream.cz\/en\/divian-dream\/","url":"https:\/\/www.diviandream.cz\/en\/divian-dream\/","name":"Divian Dream - Luxusn\u00ed postele Divian Dream - Prodejce postel\u00ed Praha","isPartOf":{"@id":"https:\/\/www.diviandream.cz\/#website"},"datePublished":"2014-05-07T21:49:19+00:00","dateModified":"2022-02-16T18:18:11+00:00","breadcrumb":{"@id":"https:\/\/www.diviandream.cz\/en\/divian-dream\/#breadcrumb"},"inLanguage":"en-US","potentialAction":[{"@type":"ReadAction","target":["https:\/\/www.diviandream.cz\/en\/divian-dream\/"]}]},{"@type":"BreadcrumbList","@id":"https:\/\/www.diviandream.cz\/en\/divian-dream\/#breadcrumb","itemListElement":[{"@type":"ListItem","position":1,"name":"Dom\u016f","item":"https:\/\/www.diviandream.cz\/en\/"},{"@type":"ListItem","position":2,"name":"Divian Dream"}]},{"@type":"WebSite","@id":"https:\/\/www.diviandream.cz\/#website","url":"https:\/\/www.diviandream.cz\/","name":"Luxusn\u00ed postele Divian Dream - Prodejce postel\u00ed Praha","description":"Prodej luxusn\u00edch postel\u00ed. \u00dasp\u011bch na\u0161ich postel\u00ed spo\u010d\u00edv\u00e1 ve sklouben\u00ed tradi\u010dn\u00edch princip\u016f s \u010dist\u011b p\u0159\u00edrodn\u00edmi materi\u00e1ly a modern\u00edmi technologiemi. Z\u00e1kladem luxusn\u00edch postel\u00ed jsou roky prov\u011b\u0159en\u00e9 pru\u017einov\u00e9 syst\u00e9my se v\u0161emi jejich v\u00fdhodami pro zdrav\u00fd a kvalitn\u00ed sp\u00e1nek.","potentialAction":[{"@type":"SearchAction","target":{"@type":"EntryPoint","urlTemplate":"https:\/\/www.diviandream.cz\/?s={search_term_string}"},"query-input":"required name=search_term_string"}],"inLanguage":"en-US"}]}},"_links":{"self":[{"href":"https:\/\/www.diviandream.cz\/wp-json\/wp\/v2\/pages\/912","targetHints":{"allow":["GET"]}}],"collection":[{"href":"https:\/\/www.diviandream.cz\/wp-json\/wp\/v2\/pages"}],"about":[{"href":"https:\/\/www.diviandream.cz\/wp-json\/wp\/v2\/types\/page"}],"author":[{"embeddable":true,"href":"https:\/\/www.diviandream.cz\/wp-json\/wp\/v2\/users\/2"}],"replies":[{"embeddable":true,"href":"https:\/\/www.diviandream.cz\/wp-json\/wp\/v2\/comments?post=912"}],"version-history":[{"count":7,"href":"https:\/\/www.diviandream.cz\/wp-json\/wp\/v2\/pages\/912\/revisions"}],"predecessor-version":[{"id":2152,"href":"https:\/\/www.diviandream.cz\/wp-json\/wp\/v2\/pages\/912\/revisions\/2152"}],"wp:attachment":[{"href":"https:\/\/www.diviandream.cz\/wp-json\/wp\/v2\/media?parent=912"}],"curies":[{"name":"wp","href":"https:\/\/api.w.org\/{rel}","templated":true}]}}