{"id":918,"date":"2014-05-07T22:53:40","date_gmt":"2014-05-07T21:53:40","guid":{"rendered":"http:\/\/www.diviandream.cz\/?page_id=918"},"modified":"2022-02-16T19:23:50","modified_gmt":"2022-02-16T18:23:50","slug":"hotel-line","status":"publish","type":"page","link":"https:\/\/www.diviandream.cz\/en\/hotel-line\/","title":{"rendered":"Hotel Line"},"content":{"rendered":"<h1 style=\"text-align: center;\">Hotel Line<\/h1>\n<hr \/>\n<p>You devote an immense amount of effort and resources to ensure perfect service for your guests. We also want the best for our clients, just like you do for your guests. Entrust your guests\u2019 sleep to our beds. Divian Dream\u2019s Hotel line of beds are made with\u00a0 natural premium materials, hand workmanship and tradition combined with modern procedures and technologies for a price that will pleasantly surprise you. Allow us to help pamper your guests in the way we know best.<\/p>\n<p>For more information please contact your retailer of Divian Dream beds.<\/p>\n<hr \/>\n","protected":false},"excerpt":{"rendered":"<p>Hotel Line You devote an immense amount of effort and resources to ensure perfect service for your guests. We also want the best for our clients, just like you do for your guests. Entrust your guests\u2019 sleep to our beds. Divian Dream\u2019s Hotel line of beds are made with\u00a0 natural premium materials, hand workmanship and [&hellip;]<\/p>\n","protected":false},"author":2,"featured_media":0,"parent":0,"menu_order":0,"comment_status":"closed","ping_status":"closed","template":"templates\/template-full-notitle.php","meta":{"_locale":"en_US","_original_post":"887","footnotes":""},"class_list":["post-918","page","type-page","status-publish","hentry","en-US","post"],"yoast_head":"<!-- This site is optimized with the Yoast SEO plugin v20.4 - https:\/\/yoast.com\/wordpress\/plugins\/seo\/ -->\n<title>Hotel Line - Luxusn\u00ed postele Divian Dream - Prodejce postel\u00ed Praha<\/title>\n<meta name=\"robots\" content=\"index, follow, max-snippet:-1, max-image-preview:large, max-video-preview:-1\" \/>\n<link rel=\"canonical\" href=\"https:\/\/www.diviandream.cz\/en\/hotel-line\/\" \/>\n<meta property=\"og:locale\" content=\"en_US\" \/>\n<meta property=\"og:type\" content=\"article\" \/>\n<meta property=\"og:title\" content=\"Hotel Line - Luxusn\u00ed postele Divian Dream - Prodejce postel\u00ed Praha\" \/>\n<meta property=\"og:description\" content=\"Hotel Line You devote an immense amount of effort and resources to ensure perfect service for your guests. We also want the best for our clients, just like you do for your guests. Entrust your guests\u2019 sleep to our beds. Divian Dream\u2019s Hotel line of beds are made with\u00a0 natural premium materials, hand workmanship and [&hellip;]\" \/>\n<meta property=\"og:url\" content=\"https:\/\/www.diviandream.cz\/en\/hotel-line\/\" \/>\n<meta property=\"og:site_name\" content=\"Luxusn\u00ed postele Divian Dream - Prodejce postel\u00ed Praha\" \/>\n<meta property=\"article:modified_time\" content=\"2022-02-16T18:23:50+00:00\" \/>\n<script type=\"application\/ld+json\" class=\"yoast-schema-graph\">{\"@context\":\"https:\/\/schema.org\",\"@graph\":[{\"@type\":\"WebPage\",\"@id\":\"https:\/\/www.diviandream.cz\/en\/hotel-line\/\",\"url\":\"https:\/\/www.diviandream.cz\/en\/hotel-line\/\",\"name\":\"Hotel Line - Luxusn\u00ed postele Divian Dream - Prodejce postel\u00ed Praha\",\"isPartOf\":{\"@id\":\"https:\/\/www.diviandream.cz\/#website\"},\"datePublished\":\"2014-05-07T21:53:40+00:00\",\"dateModified\":\"2022-02-16T18:23:50+00:00\",\"breadcrumb\":{\"@id\":\"https:\/\/www.diviandream.cz\/en\/hotel-line\/#breadcrumb\"},\"inLanguage\":\"en-US\",\"potentialAction\":[{\"@type\":\"ReadAction\",\"target\":[\"https:\/\/www.diviandream.cz\/en\/hotel-line\/\"]}]},{\"@type\":\"BreadcrumbList\",\"@id\":\"https:\/\/www.diviandream.cz\/en\/hotel-line\/#breadcrumb\",\"itemListElement\":[{\"@type\":\"ListItem\",\"position\":1,\"name\":\"Dom\u016f\",\"item\":\"https:\/\/www.diviandream.cz\/en\/\"},{\"@type\":\"ListItem\",\"position\":2,\"name\":\"Hotel Line\"}]},{\"@type\":\"WebSite\",\"@id\":\"https:\/\/www.diviandream.cz\/#website\",\"url\":\"https:\/\/www.diviandream.cz\/\",\"name\":\"Luxusn\u00ed postele Divian Dream - Prodejce postel\u00ed Praha\",\"description\":\"Prodej luxusn\u00edch postel\u00ed. \u00dasp\u011bch na\u0161ich postel\u00ed spo\u010d\u00edv\u00e1 ve sklouben\u00ed tradi\u010dn\u00edch princip\u016f s \u010dist\u011b p\u0159\u00edrodn\u00edmi materi\u00e1ly a modern\u00edmi technologiemi. Z\u00e1kladem luxusn\u00edch postel\u00ed jsou roky prov\u011b\u0159en\u00e9 pru\u017einov\u00e9 syst\u00e9my se v\u0161emi jejich v\u00fdhodami pro zdrav\u00fd a kvalitn\u00ed sp\u00e1nek.\",\"potentialAction\":[{\"@type\":\"SearchAction\",\"target\":{\"@type\":\"EntryPoint\",\"urlTemplate\":\"https:\/\/www.diviandream.cz\/?s={search_term_string}\"},\"query-input\":\"required name=search_term_string\"}],\"inLanguage\":\"en-US\"}]}<\/script>\n<!-- \/ Yoast SEO plugin. -->","yoast_head_json":{"title":"Hotel Line - Luxusn\u00ed postele Divian Dream - Prodejce postel\u00ed Praha","robots":{"index":"index","follow":"follow","max-snippet":"max-snippet:-1","max-image-preview":"max-image-preview:large","max-video-preview":"max-video-preview:-1"},"canonical":"https:\/\/www.diviandream.cz\/en\/hotel-line\/","og_locale":"en_US","og_type":"article","og_title":"Hotel Line - Luxusn\u00ed postele Divian Dream - Prodejce postel\u00ed Praha","og_description":"Hotel Line You devote an immense amount of effort and resources to ensure perfect service for your guests. We also want the best for our clients, just like you do for your guests. Entrust your guests\u2019 sleep to our beds. Divian Dream\u2019s Hotel line of beds are made with\u00a0 natural premium materials, hand workmanship and [&hellip;]","og_url":"https:\/\/www.diviandream.cz\/en\/hotel-line\/","og_site_name":"Luxusn\u00ed postele Divian Dream - Prodejce postel\u00ed Praha","article_modified_time":"2022-02-16T18:23:50+00:00","schema":{"@context":"https:\/\/schema.org","@graph":[{"@type":"WebPage","@id":"https:\/\/www.diviandream.cz\/en\/hotel-line\/","url":"https:\/\/www.diviandream.cz\/en\/hotel-line\/","name":"Hotel Line - Luxusn\u00ed postele Divian Dream - Prodejce postel\u00ed Praha","isPartOf":{"@id":"https:\/\/www.diviandream.cz\/#website"},"datePublished":"2014-05-07T21:53:40+00:00","dateModified":"2022-02-16T18:23:50+00:00","breadcrumb":{"@id":"https:\/\/www.diviandream.cz\/en\/hotel-line\/#breadcrumb"},"inLanguage":"en-US","potentialAction":[{"@type":"ReadAction","target":["https:\/\/www.diviandream.cz\/en\/hotel-line\/"]}]},{"@type":"BreadcrumbList","@id":"https:\/\/www.diviandream.cz\/en\/hotel-line\/#breadcrumb","itemListElement":[{"@type":"ListItem","position":1,"name":"Dom\u016f","item":"https:\/\/www.diviandream.cz\/en\/"},{"@type":"ListItem","position":2,"name":"Hotel Line"}]},{"@type":"WebSite","@id":"https:\/\/www.diviandream.cz\/#website","url":"https:\/\/www.diviandream.cz\/","name":"Luxusn\u00ed postele Divian Dream - Prodejce postel\u00ed Praha","description":"Prodej luxusn\u00edch postel\u00ed. \u00dasp\u011bch na\u0161ich postel\u00ed spo\u010d\u00edv\u00e1 ve sklouben\u00ed tradi\u010dn\u00edch princip\u016f s \u010dist\u011b p\u0159\u00edrodn\u00edmi materi\u00e1ly a modern\u00edmi technologiemi. Z\u00e1kladem luxusn\u00edch postel\u00ed jsou roky prov\u011b\u0159en\u00e9 pru\u017einov\u00e9 syst\u00e9my se v\u0161emi jejich v\u00fdhodami pro zdrav\u00fd a kvalitn\u00ed sp\u00e1nek.","potentialAction":[{"@type":"SearchAction","target":{"@type":"EntryPoint","urlTemplate":"https:\/\/www.diviandream.cz\/?s={search_term_string}"},"query-input":"required name=search_term_string"}],"inLanguage":"en-US"}]}},"_links":{"self":[{"href":"https:\/\/www.diviandream.cz\/wp-json\/wp\/v2\/pages\/918","targetHints":{"allow":["GET"]}}],"collection":[{"href":"https:\/\/www.diviandream.cz\/wp-json\/wp\/v2\/pages"}],"about":[{"href":"https:\/\/www.diviandream.cz\/wp-json\/wp\/v2\/types\/page"}],"author":[{"embeddable":true,"href":"https:\/\/www.diviandream.cz\/wp-json\/wp\/v2\/users\/2"}],"replies":[{"embeddable":true,"href":"https:\/\/www.diviandream.cz\/wp-json\/wp\/v2\/comments?post=918"}],"version-history":[{"count":4,"href":"https:\/\/www.diviandream.cz\/wp-json\/wp\/v2\/pages\/918\/revisions"}],"predecessor-version":[{"id":2153,"href":"https:\/\/www.diviandream.cz\/wp-json\/wp\/v2\/pages\/918\/revisions\/2153"}],"wp:attachment":[{"href":"https:\/\/www.diviandream.cz\/wp-json\/wp\/v2\/media?parent=918"}],"curies":[{"name":"wp","href":"https:\/\/api.w.org\/{rel}","templated":true}]}}